{"id":2230,"date":"2025-07-20T21:19:02","date_gmt":"2025-07-20T21:19:02","guid":{"rendered":"https:\/\/www.coray-vallat.ch\/?page_id=2230"},"modified":"2025-11-23T14:31:01","modified_gmt":"2025-11-23T14:31:01","slug":"eimeldingerweg-2","status":"publish","type":"page","link":"https:\/\/www.coray-vallat.ch\/de\/eimeldingerweg-2\/","title":{"rendered":"Eimeldingerweg"},"content":{"rendered":"<div data-elementor-type=\"wp-page\" data-elementor-id=\"2230\" class=\"elementor elementor-2230\" data-elementor-post-type=\"page\">\n\t\t\t\t<div class=\"elementor-element elementor-element-3b2b3c0 e-flex e-con-boxed wpr-particle-no wpr-jarallax-no wpr-parallax-no wpr-sticky-section-no e-con e-parent\" data-id=\"3b2b3c0\" data-element_type=\"container\" data-e-type=\"container\">\n\t\t\t\t\t<div class=\"e-con-inner\">\n\t\t<div class=\"elementor-element elementor-element-e2130a3 e-con-full e-flex wpr-particle-no wpr-jarallax-no wpr-parallax-no e-con e-child\" data-id=\"e2130a3\" data-element_type=\"container\" data-e-type=\"container\">\n\t\t<div class=\"elementor-element elementor-element-c2b2d75 e-con-full e-flex wpr-particle-no wpr-jarallax-no wpr-parallax-no e-con e-child\" data-id=\"c2b2d75\" data-element_type=\"container\" data-e-type=\"container\" id=\"sectionOne\">\n\t\t\t\t<div class=\"elementor-element elementor-element-aa36131 elementor-widget elementor-widget-heading\" data-id=\"aa36131\" data-element_type=\"widget\" data-e-type=\"widget\" data-widget_type=\"heading.default\">\n\t\t\t\t<div class=\"elementor-widget-container\">\n\t\t\t\t\t<h1 class=\"elementor-heading-title elementor-size-default\">Eimeldingerweg\n<\/h1>\t\t\t\t<\/div>\n\t\t\t\t<\/div>\n\t\t\t\t<div class=\"elementor-element elementor-element-7b6035f elementor-widget elementor-widget-heading\" data-id=\"7b6035f\" data-element_type=\"widget\" data-e-type=\"widget\" data-widget_type=\"heading.default\">\n\t\t\t\t<div class=\"elementor-widget-container\">\n\t\t\t\t\t<h2 class=\"elementor-heading-title elementor-size-default\">Basel (Basel-Stadt) <br>\n2024 - laufend\n\n<\/h2>\t\t\t\t<\/div>\n\t\t\t\t<\/div>\n\t\t\t\t<div class=\"elementor-element elementor-element-18c98bd elementor-widget elementor-widget-text-editor\" data-id=\"18c98bd\" data-element_type=\"widget\" data-e-type=\"widget\" data-widget_type=\"text-editor.default\">\n\t\t\t\t<div class=\"elementor-widget-container\">\n\t\t\t\t\t\t\t\t\t<p><strong>Bauherr<\/strong> Privat<br \/><strong>Programm<\/strong> Wohnbau<br \/><strong>Energiebezugsfl\u00e4che<\/strong> : &#8211;<\/p><p><strong>SIA-Volumen<\/strong> : &#8211;<br \/><strong>Kosten CFC 1-5<\/strong> : &#8211;\u00a0<\/p>\t\t\t\t\t\t\t\t<\/div>\n\t\t\t\t<\/div>\n\t\t\t\t<div class=\"elementor-element elementor-element-fed3cef elementor-widget elementor-widget-text-editor\" data-id=\"fed3cef\" data-element_type=\"widget\" data-e-type=\"widget\" data-widget_type=\"text-editor.default\">\n\t\t\t\t<div class=\"elementor-widget-container\">\n\t\t\t\t\t\t\t\t\t<p data-start=\"137\" data-end=\"614\">Dieses Reihenhaus befindet sich im lebhaften Stadtteil Klybeck, an der Kreuzung Matth\u00e4us\/Kleine Basel, und ist Teil einer typischen Gruppe von Arbeiterh\u00e4usern, die zwischen 1890 und 1900 erbaut wurden. Diese bescheidenen Geb\u00e4ude, die am Rande von H\u00e4userblocks um Innenh\u00f6fe herum angeordnet sind, wurden gebaut, um die Arbeiter der damals boomenden Basler Industrie zu beherbergen. Das Stadtbild ist dicht, gepr\u00e4gt von einer gro\u00dfen architektonischen Regelm\u00e4\u00dfigkeit und einem starken Identit\u00e4tscharakter.<\/p><p data-start=\"616\" data-end=\"1077\">Das Haus mit ihrer geringen Grundfl\u00e4che erstreckt sich \u00fcber zwei Wohnebenen, einen Dachboden, einen Keller und einen Garten auf der Hofseite. Das Projekt zielt darauf ab, dieses Wohnhaus zu sanieren, um es an den heutigen Lebensstil anzupassen und gleichzeitig den Charakter des Ortes zu bewahren. Die Innenraumaufteilung wurde komplett neu gestaltet, um einer Familie mit vier Schlafzimmern, funktionalen Badezimmern sowie einem offenen, hellen und gem\u00fctlichen Wohnbereich Platz zu bieten.<\/p><p data-start=\"1079\" data-end=\"1404\" data-is-last-node=\"\" data-is-only-node=\"\">Besonderes Augenmerk wird auf die energetische Sanierung des Geb\u00e4udes gelegt, um dessen Leistung nachhaltig zu verbessern und gleichzeitig die bestehende Bausubstanz zu erhalten. Diese Umgestaltung soll dem hundertj\u00e4hrigen Haus ein zweites Leben schenken und dabei Komfort, Funktionalit\u00e4t und den Erhalt des st\u00e4dtischen Kulturerbes von Basel miteinander in Einklang bringen.<\/p><p><strong>Grafikkredite<\/strong><br \/><strong>Fotos<\/strong> : &#8211;<br \/><strong>Pl\u00e4ne<\/strong>: &#8211;<br \/><strong>Synthetisches Bild<\/strong> &#8211;<\/p>\t\t\t\t\t\t\t\t<\/div>\n\t\t\t\t<\/div>\n\t\t\t\t<\/div>\n\t\t\t\t<\/div>\n\t\t<div class=\"elementor-element elementor-element-9bd0e75 e-con-full e-flex wpr-particle-no wpr-jarallax-no wpr-parallax-no wpr-sticky-section-no e-con e-child\" data-id=\"9bd0e75\" data-element_type=\"container\" data-e-type=\"container\" id=\"sectionTwo\">\n\t\t\t\t<div class=\"elementor-element elementor-element-080facf gallery-spacing-custom elementor-widget elementor-widget-image-gallery\" data-id=\"080facf\" data-element_type=\"widget\" data-e-type=\"widget\" data-widget_type=\"image-gallery.default\">\n\t\t\t\t<div class=\"elementor-widget-container\">\n\t\t\t\t\t\t\t<div class=\"elementor-image-gallery\">\n\t\t\t<div id='gallery-1' class='gallery galleryid-2230 gallery-columns-1 gallery-size-full'><figure class='gallery-item'>\n\t\t\t<div class='gallery-icon landscape'>\n\t\t\t\t<a data-elementor-open-lightbox=\"yes\" data-elementor-lightbox-slideshow=\"080facf\" data-elementor-lightbox-title=\"030 1\" data-elementor-lightbox-description=\"030 1\" data-e-action-hash=\"#elementor-action%3Aaction%3Dlightbox%26settings%3DeyJpZCI6MzYwMiwidXJsIjoiaHR0cHM6XC9cL3d3dy5jb3JheS12YWxsYXQuY2hcL3dwLWNvbnRlbnRcL3VwbG9hZHNcLzIwMjVcLzA4XC8wMzBfMS53ZWJwIiwic2xpZGVzaG93IjoiMDgwZmFjZiJ9\" title=\"030 1\"  href=\"https:\/\/i0.wp.com\/www.coray-vallat.ch\/wp-content\/uploads\/2025\/08\/030_1.webp?ssl=1\"><img fetchpriority=\"high\" decoding=\"async\" width=\"2500\" height=\"1667\" src=\"https:\/\/i0.wp.com\/www.coray-vallat.ch\/wp-content\/uploads\/2025\/08\/030_1.webp?fit=2500%2C1667&amp;ssl=1\" class=\"attachment-full size-full\" alt=\"030 1\" aria-describedby=\"gallery-1-3602\" srcset=\"https:\/\/i0.wp.com\/www.coray-vallat.ch\/wp-content\/uploads\/2025\/08\/030_1.webp?w=2500&amp;ssl=1 2500w, https:\/\/i0.wp.com\/www.coray-vallat.ch\/wp-content\/uploads\/2025\/08\/030_1.webp?resize=300%2C200&amp;ssl=1 300w, https:\/\/i0.wp.com\/www.coray-vallat.ch\/wp-content\/uploads\/2025\/08\/030_1.webp?resize=1024%2C683&amp;ssl=1 1024w, https:\/\/i0.wp.com\/www.coray-vallat.ch\/wp-content\/uploads\/2025\/08\/030_1.webp?resize=768%2C512&amp;ssl=1 768w, https:\/\/i0.wp.com\/www.coray-vallat.ch\/wp-content\/uploads\/2025\/08\/030_1.webp?resize=1536%2C1024&amp;ssl=1 1536w, https:\/\/i0.wp.com\/www.coray-vallat.ch\/wp-content\/uploads\/2025\/08\/030_1.webp?resize=2048%2C1366&amp;ssl=1 2048w, https:\/\/i0.wp.com\/www.coray-vallat.ch\/wp-content\/uploads\/2025\/08\/030_1.webp?resize=18%2C12&amp;ssl=1 18w, https:\/\/i0.wp.com\/www.coray-vallat.ch\/wp-content\/uploads\/2025\/08\/030_1.webp?w=1600 1600w, https:\/\/i0.wp.com\/www.coray-vallat.ch\/wp-content\/uploads\/2025\/08\/030_1.webp?w=2400 2400w\" sizes=\"(max-width: 800px) 100vw, 800px\" \/><\/a>\n\t\t\t<\/div>\n\t\t\t\t<figcaption class='wp-caption-text gallery-caption' id='gallery-1-3602'>\n\t\t\t\t030 1\n\t\t\t\t<\/figcaption><\/figure><figure class='gallery-item'>\n\t\t\t<div class='gallery-icon landscape'>\n\t\t\t\t<a data-elementor-open-lightbox=\"yes\" data-elementor-lightbox-slideshow=\"080facf\" data-elementor-lightbox-title=\"030 A\" data-elementor-lightbox-description=\"030 A\" data-e-action-hash=\"#elementor-action%3Aaction%3Dlightbox%26settings%3DeyJpZCI6MzYwNywidXJsIjoiaHR0cHM6XC9cL3d3dy5jb3JheS12YWxsYXQuY2hcL3dwLWNvbnRlbnRcL3VwbG9hZHNcLzIwMjVcLzA4XC8wMzBfQS53ZWJwIiwic2xpZGVzaG93IjoiMDgwZmFjZiJ9\" title=\"030 A\"  href=\"https:\/\/i0.wp.com\/www.coray-vallat.ch\/wp-content\/uploads\/2025\/08\/030_A.webp?ssl=1\"><img decoding=\"async\" width=\"2500\" height=\"1665\" src=\"https:\/\/i0.wp.com\/www.coray-vallat.ch\/wp-content\/uploads\/2025\/08\/030_A.webp?fit=2500%2C1665&amp;ssl=1\" class=\"attachment-full size-full\" alt=\"030 A\" aria-describedby=\"gallery-1-3607\" srcset=\"https:\/\/i0.wp.com\/www.coray-vallat.ch\/wp-content\/uploads\/2025\/08\/030_A.webp?w=2500&amp;ssl=1 2500w, https:\/\/i0.wp.com\/www.coray-vallat.ch\/wp-content\/uploads\/2025\/08\/030_A.webp?resize=300%2C200&amp;ssl=1 300w, https:\/\/i0.wp.com\/www.coray-vallat.ch\/wp-content\/uploads\/2025\/08\/030_A.webp?resize=1024%2C682&amp;ssl=1 1024w, https:\/\/i0.wp.com\/www.coray-vallat.ch\/wp-content\/uploads\/2025\/08\/030_A.webp?resize=768%2C511&amp;ssl=1 768w, https:\/\/i0.wp.com\/www.coray-vallat.ch\/wp-content\/uploads\/2025\/08\/030_A.webp?resize=1536%2C1023&amp;ssl=1 1536w, https:\/\/i0.wp.com\/www.coray-vallat.ch\/wp-content\/uploads\/2025\/08\/030_A.webp?resize=2048%2C1364&amp;ssl=1 2048w, https:\/\/i0.wp.com\/www.coray-vallat.ch\/wp-content\/uploads\/2025\/08\/030_A.webp?resize=18%2C12&amp;ssl=1 18w, https:\/\/i0.wp.com\/www.coray-vallat.ch\/wp-content\/uploads\/2025\/08\/030_A.webp?w=1600 1600w, https:\/\/i0.wp.com\/www.coray-vallat.ch\/wp-content\/uploads\/2025\/08\/030_A.webp?w=2400 2400w\" sizes=\"(max-width: 800px) 100vw, 800px\" \/><\/a>\n\t\t\t<\/div>\n\t\t\t\t<figcaption class='wp-caption-text gallery-caption' id='gallery-1-3607'>\n\t\t\t\t030 A\n\t\t\t\t<\/figcaption><\/figure><figure class='gallery-item'>\n\t\t\t<div class='gallery-icon landscape'>\n\t\t\t\t<a data-elementor-open-lightbox=\"yes\" data-elementor-lightbox-slideshow=\"080facf\" data-elementor-lightbox-title=\"030 B\" data-elementor-lightbox-description=\"030 B\" data-e-action-hash=\"#elementor-action%3Aaction%3Dlightbox%26settings%3DeyJpZCI6MzU5OCwidXJsIjoiaHR0cHM6XC9cL3d3dy5jb3JheS12YWxsYXQuY2hcL3dwLWNvbnRlbnRcL3VwbG9hZHNcLzIwMjVcLzA4XC8wMzBfQi53ZWJwIiwic2xpZGVzaG93IjoiMDgwZmFjZiJ9\" title=\"030 B\"  href=\"https:\/\/i0.wp.com\/www.coray-vallat.ch\/wp-content\/uploads\/2025\/08\/030_B.webp?ssl=1\"><img decoding=\"async\" width=\"2500\" height=\"1665\" src=\"https:\/\/i0.wp.com\/www.coray-vallat.ch\/wp-content\/uploads\/2025\/08\/030_B.webp?fit=2500%2C1665&amp;ssl=1\" class=\"attachment-full size-full\" alt=\"030 B\" aria-describedby=\"gallery-1-3598\" srcset=\"https:\/\/i0.wp.com\/www.coray-vallat.ch\/wp-content\/uploads\/2025\/08\/030_B.webp?w=2500&amp;ssl=1 2500w, https:\/\/i0.wp.com\/www.coray-vallat.ch\/wp-content\/uploads\/2025\/08\/030_B.webp?resize=300%2C200&amp;ssl=1 300w, https:\/\/i0.wp.com\/www.coray-vallat.ch\/wp-content\/uploads\/2025\/08\/030_B.webp?resize=1024%2C682&amp;ssl=1 1024w, https:\/\/i0.wp.com\/www.coray-vallat.ch\/wp-content\/uploads\/2025\/08\/030_B.webp?resize=768%2C511&amp;ssl=1 768w, https:\/\/i0.wp.com\/www.coray-vallat.ch\/wp-content\/uploads\/2025\/08\/030_B.webp?resize=1536%2C1023&amp;ssl=1 1536w, https:\/\/i0.wp.com\/www.coray-vallat.ch\/wp-content\/uploads\/2025\/08\/030_B.webp?resize=2048%2C1364&amp;ssl=1 2048w, https:\/\/i0.wp.com\/www.coray-vallat.ch\/wp-content\/uploads\/2025\/08\/030_B.webp?resize=18%2C12&amp;ssl=1 18w, https:\/\/i0.wp.com\/www.coray-vallat.ch\/wp-content\/uploads\/2025\/08\/030_B.webp?w=1600 1600w, https:\/\/i0.wp.com\/www.coray-vallat.ch\/wp-content\/uploads\/2025\/08\/030_B.webp?w=2400 2400w\" sizes=\"(max-width: 800px) 100vw, 800px\" \/><\/a>\n\t\t\t<\/div>\n\t\t\t\t<figcaption class='wp-caption-text gallery-caption' id='gallery-1-3598'>\n\t\t\t\t030 B\n\t\t\t\t<\/figcaption><\/figure><figure class='gallery-item'>\n\t\t\t<div class='gallery-icon landscape'>\n\t\t\t\t<a data-elementor-open-lightbox=\"yes\" data-elementor-lightbox-slideshow=\"080facf\" data-elementor-lightbox-title=\"030 C\" data-elementor-lightbox-description=\"030 C\" data-e-action-hash=\"#elementor-action%3Aaction%3Dlightbox%26settings%3DeyJpZCI6MzU5OSwidXJsIjoiaHR0cHM6XC9cL3d3dy5jb3JheS12YWxsYXQuY2hcL3dwLWNvbnRlbnRcL3VwbG9hZHNcLzIwMjVcLzA4XC8wMzBfQy53ZWJwIiwic2xpZGVzaG93IjoiMDgwZmFjZiJ9\" title=\"030 C\"  href=\"https:\/\/i0.wp.com\/www.coray-vallat.ch\/wp-content\/uploads\/2025\/08\/030_C.webp?ssl=1\"><img loading=\"lazy\" decoding=\"async\" width=\"2500\" height=\"1665\" src=\"https:\/\/i0.wp.com\/www.coray-vallat.ch\/wp-content\/uploads\/2025\/08\/030_C.webp?fit=2500%2C1665&amp;ssl=1\" class=\"attachment-full size-full\" alt=\"030 C\" aria-describedby=\"gallery-1-3599\" srcset=\"https:\/\/i0.wp.com\/www.coray-vallat.ch\/wp-content\/uploads\/2025\/08\/030_C.webp?w=2500&amp;ssl=1 2500w, https:\/\/i0.wp.com\/www.coray-vallat.ch\/wp-content\/uploads\/2025\/08\/030_C.webp?resize=300%2C200&amp;ssl=1 300w, https:\/\/i0.wp.com\/www.coray-vallat.ch\/wp-content\/uploads\/2025\/08\/030_C.webp?resize=1024%2C682&amp;ssl=1 1024w, https:\/\/i0.wp.com\/www.coray-vallat.ch\/wp-content\/uploads\/2025\/08\/030_C.webp?resize=768%2C511&amp;ssl=1 768w, https:\/\/i0.wp.com\/www.coray-vallat.ch\/wp-content\/uploads\/2025\/08\/030_C.webp?resize=1536%2C1023&amp;ssl=1 1536w, https:\/\/i0.wp.com\/www.coray-vallat.ch\/wp-content\/uploads\/2025\/08\/030_C.webp?resize=2048%2C1364&amp;ssl=1 2048w, https:\/\/i0.wp.com\/www.coray-vallat.ch\/wp-content\/uploads\/2025\/08\/030_C.webp?resize=18%2C12&amp;ssl=1 18w, https:\/\/i0.wp.com\/www.coray-vallat.ch\/wp-content\/uploads\/2025\/08\/030_C.webp?w=1600 1600w, https:\/\/i0.wp.com\/www.coray-vallat.ch\/wp-content\/uploads\/2025\/08\/030_C.webp?w=2400 2400w\" sizes=\"(max-width: 800px) 100vw, 800px\" \/><\/a>\n\t\t\t<\/div>\n\t\t\t\t<figcaption class='wp-caption-text gallery-caption' id='gallery-1-3599'>\n\t\t\t\t030 C\n\t\t\t\t<\/figcaption><\/figure><figure class='gallery-item'>\n\t\t\t<div class='gallery-icon landscape'>\n\t\t\t\t<a data-elementor-open-lightbox=\"yes\" data-elementor-lightbox-slideshow=\"080facf\" data-elementor-lightbox-title=\"030 D\" data-elementor-lightbox-description=\"030 D\" data-e-action-hash=\"#elementor-action%3Aaction%3Dlightbox%26settings%3DeyJpZCI6MzYwMCwidXJsIjoiaHR0cHM6XC9cL3d3dy5jb3JheS12YWxsYXQuY2hcL3dwLWNvbnRlbnRcL3VwbG9hZHNcLzIwMjVcLzA4XC8wMzBfRC53ZWJwIiwic2xpZGVzaG93IjoiMDgwZmFjZiJ9\" title=\"030 D\"  href=\"https:\/\/i0.wp.com\/www.coray-vallat.ch\/wp-content\/uploads\/2025\/08\/030_D.webp?ssl=1\"><img loading=\"lazy\" decoding=\"async\" width=\"2500\" height=\"1665\" src=\"https:\/\/i0.wp.com\/www.coray-vallat.ch\/wp-content\/uploads\/2025\/08\/030_D.webp?fit=2500%2C1665&amp;ssl=1\" class=\"attachment-full size-full\" alt=\"030 D\" aria-describedby=\"gallery-1-3600\" srcset=\"https:\/\/i0.wp.com\/www.coray-vallat.ch\/wp-content\/uploads\/2025\/08\/030_D.webp?w=2500&amp;ssl=1 2500w, https:\/\/i0.wp.com\/www.coray-vallat.ch\/wp-content\/uploads\/2025\/08\/030_D.webp?resize=300%2C200&amp;ssl=1 300w, https:\/\/i0.wp.com\/www.coray-vallat.ch\/wp-content\/uploads\/2025\/08\/030_D.webp?resize=1024%2C682&amp;ssl=1 1024w, https:\/\/i0.wp.com\/www.coray-vallat.ch\/wp-content\/uploads\/2025\/08\/030_D.webp?resize=768%2C511&amp;ssl=1 768w, https:\/\/i0.wp.com\/www.coray-vallat.ch\/wp-content\/uploads\/2025\/08\/030_D.webp?resize=1536%2C1023&amp;ssl=1 1536w, https:\/\/i0.wp.com\/www.coray-vallat.ch\/wp-content\/uploads\/2025\/08\/030_D.webp?resize=2048%2C1364&amp;ssl=1 2048w, https:\/\/i0.wp.com\/www.coray-vallat.ch\/wp-content\/uploads\/2025\/08\/030_D.webp?resize=18%2C12&amp;ssl=1 18w, https:\/\/i0.wp.com\/www.coray-vallat.ch\/wp-content\/uploads\/2025\/08\/030_D.webp?w=1600 1600w, https:\/\/i0.wp.com\/www.coray-vallat.ch\/wp-content\/uploads\/2025\/08\/030_D.webp?w=2400 2400w\" sizes=\"(max-width: 800px) 100vw, 800px\" \/><\/a>\n\t\t\t<\/div>\n\t\t\t\t<figcaption class='wp-caption-text gallery-caption' id='gallery-1-3600'>\n\t\t\t\t030 D\n\t\t\t\t<\/figcaption><\/figure><figure class='gallery-item'>\n\t\t\t<div class='gallery-icon landscape'>\n\t\t\t\t<a data-elementor-open-lightbox=\"yes\" data-elementor-lightbox-slideshow=\"080facf\" data-elementor-lightbox-title=\"030 E\" data-elementor-lightbox-description=\"030 E\" data-e-action-hash=\"#elementor-action%3Aaction%3Dlightbox%26settings%3DeyJpZCI6MzYwMSwidXJsIjoiaHR0cHM6XC9cL3d3dy5jb3JheS12YWxsYXQuY2hcL3dwLWNvbnRlbnRcL3VwbG9hZHNcLzIwMjVcLzA4XC8wMzBfRS53ZWJwIiwic2xpZGVzaG93IjoiMDgwZmFjZiJ9\" title=\"030 E\"  href=\"https:\/\/i0.wp.com\/www.coray-vallat.ch\/wp-content\/uploads\/2025\/08\/030_E.webp?ssl=1\"><img loading=\"lazy\" decoding=\"async\" width=\"2500\" height=\"1665\" src=\"https:\/\/i0.wp.com\/www.coray-vallat.ch\/wp-content\/uploads\/2025\/08\/030_E.webp?fit=2500%2C1665&amp;ssl=1\" class=\"attachment-full size-full\" alt=\"030 E\" aria-describedby=\"gallery-1-3601\" srcset=\"https:\/\/i0.wp.com\/www.coray-vallat.ch\/wp-content\/uploads\/2025\/08\/030_E.webp?w=2500&amp;ssl=1 2500w, https:\/\/i0.wp.com\/www.coray-vallat.ch\/wp-content\/uploads\/2025\/08\/030_E.webp?resize=300%2C200&amp;ssl=1 300w, https:\/\/i0.wp.com\/www.coray-vallat.ch\/wp-content\/uploads\/2025\/08\/030_E.webp?resize=1024%2C682&amp;ssl=1 1024w, https:\/\/i0.wp.com\/www.coray-vallat.ch\/wp-content\/uploads\/2025\/08\/030_E.webp?resize=768%2C511&amp;ssl=1 768w, https:\/\/i0.wp.com\/www.coray-vallat.ch\/wp-content\/uploads\/2025\/08\/030_E.webp?resize=1536%2C1023&amp;ssl=1 1536w, https:\/\/i0.wp.com\/www.coray-vallat.ch\/wp-content\/uploads\/2025\/08\/030_E.webp?resize=2048%2C1364&amp;ssl=1 2048w, https:\/\/i0.wp.com\/www.coray-vallat.ch\/wp-content\/uploads\/2025\/08\/030_E.webp?resize=18%2C12&amp;ssl=1 18w, https:\/\/i0.wp.com\/www.coray-vallat.ch\/wp-content\/uploads\/2025\/08\/030_E.webp?w=1600 1600w, https:\/\/i0.wp.com\/www.coray-vallat.ch\/wp-content\/uploads\/2025\/08\/030_E.webp?w=2400 2400w\" sizes=\"(max-width: 800px) 100vw, 800px\" \/><\/a>\n\t\t\t<\/div>\n\t\t\t\t<figcaption class='wp-caption-text gallery-caption' id='gallery-1-3601'>\n\t\t\t\t030 E\n\t\t\t\t<\/figcaption><\/figure>\n\t\t<\/div>\n\t\t<\/div>\n\t\t\t\t\t\t<\/div>\n\t\t\t\t<\/div>\n\t\t\t\t<div class=\"elementor-element elementor-element-93c4e3d wpr-stt-btn-align-inline elementor-widget elementor-widget-wpr-back-to-top\" data-id=\"93c4e3d\" data-element_type=\"widget\" data-e-type=\"widget\" data-widget_type=\"wpr-back-to-top.default\">\n\t\t\t\t<div class=\"elementor-widget-container\">\n\t\t\t\t\t<div class=\"wpr-stt-wrapper\"><div class='wpr-stt-btn' data-settings='{&quot;animation&quot;:&quot;fade&quot;,&quot;animationOffset&quot;:&quot;0&quot;,&quot;animationDuration&quot;:&quot;200&quot;,&quot;fixed&quot;:&quot;inline&quot;,&quot;scrolAnim&quot;:&quot;800&quot;}'><span class=\"wpr-stt-icon\"><svg class=\"e-font-icon-svg e-fas-chevron-up\" viewbox=\"0 0 448 512\" xmlns=\"http:\/\/www.w3.org\/2000\/svg\"><path d=\"M240.971 130.524l194.343 194.343c9.373 9.373 9.373 24.569 0 33.941l-22.667 22.667c-9.357 9.357-24.522 9.375-33.901.04L224 227.495 69.255 381.516c-9.379 9.335-24.544 9.317-33.901-.04l-22.667-22.667c-9.373-9.373-9.373-24.569 0-33.941L207.03 130.525c9.372-9.373 24.568-9.373 33.941-.001z\"><\/path><\/svg><\/span><\/div><\/div>\t\t\t\t<\/div>\n\t\t\t\t<\/div>\n\t\t\t\t<\/div>\n\t\t\t\t\t<\/div>\n\t\t\t\t<\/div>\n\t\t\t\t<\/div>","protected":false},"excerpt":{"rendered":"<p>Eimeldingerweg B\u00e2le (B\u00e2le Ville) 2024 &#8211; En cours Ma\u00eetre d\u2019ouvrage : Priv\u00e9 Programme : Logement Surface de r\u00e9f\u00e9rence \u00e9nerg\u00e9tique : &#8211; Volume SIA : &#8211; Co\u00fbt CFC 1-5 : &#8211; Situ\u00e9e dans le quartier vivant de Klybeck, \u00e0 la jonction de Matth\u00e4us au Petit-B\u00e2le, cette maison mitoyenne fait partie d\u2019un ensemble typique de maisons ouvri\u00e8res b\u00e2ties entre 1890 et 1900. Ces constructions modestes, organis\u00e9es en bordure d\u2019\u00eelots autour de cours int\u00e9rieures, ont \u00e9t\u00e9 pens\u00e9es pour loger les ouvriers des industries b\u00e2loises en pleine expansion \u00e0 cette \u00e9poque. Le tissu urbain y est dense, marqu\u00e9 par une grande r\u00e9gularit\u00e9 b\u00e2tie et un fort caract\u00e8re identitaire. La villa, \u00e0 la surface au sol r\u00e9duite, se d\u00e9veloppe sur deux niveaux habitables, des combles, un sous-sol et un jardin c\u00f4t\u00e9 cour. Le projet vise \u00e0 r\u00e9habiliter cette habitation afin de l\u2019adapter aux modes de vie contemporains tout en pr\u00e9servant l\u2019esprit du lieu. L\u2019organisation int\u00e9rieure est enti\u00e8rement repens\u00e9e pour accueillir une famille avec quatre chambres \u00e0 coucher, des pi\u00e8ces d\u2019eau fonctionnelles ainsi qu\u2019un espace de vie ouvert, lumineux et convivial. Une attention particuli\u00e8re est port\u00e9e \u00e0 la r\u00e9novation \u00e9nerg\u00e9tique du b\u00e2timent, afin d\u2019en am\u00e9liorer durablement les performances tout en respectant le b\u00e2ti existant. Cette transformation vise \u00e0 offrir une seconde vie \u00e0 cette maison centenaire, en conciliant confort, fonctionnalit\u00e9 et pr\u00e9servation du patrimoine urbain b\u00e2lois. Cr\u00e9dit graphiques Photos : &#8211; Plans: &#8211; Img. synth\u00e8se: &#8211; &nbsp;<\/p>","protected":false},"author":1,"featured_media":0,"parent":0,"menu_order":0,"comment_status":"closed","ping_status":"closed","template":"","meta":{"footnotes":""},"class_list":["post-2230","page","type-page","status-publish","hentry"],"_links":{"self":[{"href":"https:\/\/www.coray-vallat.ch\/de\/wp-json\/wp\/v2\/pages\/2230","targetHints":{"allow":["GET"]}}],"collection":[{"href":"https:\/\/www.coray-vallat.ch\/de\/wp-json\/wp\/v2\/pages"}],"about":[{"href":"https:\/\/www.coray-vallat.ch\/de\/wp-json\/wp\/v2\/types\/page"}],"author":[{"embeddable":true,"href":"https:\/\/www.coray-vallat.ch\/de\/wp-json\/wp\/v2\/users\/1"}],"replies":[{"embeddable":true,"href":"https:\/\/www.coray-vallat.ch\/de\/wp-json\/wp\/v2\/comments?post=2230"}],"version-history":[{"count":37,"href":"https:\/\/www.coray-vallat.ch\/de\/wp-json\/wp\/v2\/pages\/2230\/revisions"}],"predecessor-version":[{"id":4588,"href":"https:\/\/www.coray-vallat.ch\/de\/wp-json\/wp\/v2\/pages\/2230\/revisions\/4588"}],"wp:attachment":[{"href":"https:\/\/www.coray-vallat.ch\/de\/wp-json\/wp\/v2\/media?parent=2230"}],"curies":[{"name":"wp","href":"https:\/\/api.w.org\/{rel}","templated":true}]}}