{"id":2378,"date":"2025-07-21T19:11:50","date_gmt":"2025-07-21T19:11:50","guid":{"rendered":"https:\/\/www.coray-vallat.ch\/?page_id=2378"},"modified":"2026-03-03T08:06:09","modified_gmt":"2026-03-03T08:06:09","slug":"projets","status":"publish","type":"page","link":"http:\/\/www.coray-vallat.ch\/de\/projekte\/","title":{"rendered":"Projekte"},"content":{"rendered":"<div data-elementor-type=\"wp-page\" data-elementor-id=\"2378\" class=\"elementor elementor-2378\" data-elementor-post-type=\"page\">\n\t\t\t\t<div class=\"elementor-element elementor-element-45d2dd5f e-flex e-con-boxed wpr-particle-no wpr-jarallax-no wpr-parallax-no wpr-sticky-section-no e-con e-parent\" data-id=\"45d2dd5f\" data-element_type=\"container\" data-e-type=\"container\" data-settings=\"{&quot;background_background&quot;:&quot;classic&quot;}\">\n\t\t\t\t\t<div class=\"e-con-inner\">\n\t\t\t\t<div class=\"elementor-element elementor-element-46ffc7e2 elementor-widget elementor-widget-heading\" data-id=\"46ffc7e2\" data-element_type=\"widget\" data-e-type=\"widget\" data-widget_type=\"heading.default\">\n\t\t\t\t<div class=\"elementor-widget-container\">\n\t\t\t\t\t<h1 class=\"elementor-heading-title elementor-size-default\">Projekte<\/h1>\t\t\t\t<\/div>\n\t\t\t\t<\/div>\n\t\t\t\t\t<\/div>\n\t\t\t\t<\/div>\n\t\t<div class=\"elementor-element elementor-element-f5446f1 e-flex e-con-boxed wpr-particle-no wpr-jarallax-no wpr-parallax-no wpr-sticky-section-no e-con e-parent\" data-id=\"f5446f1\" data-element_type=\"container\" data-e-type=\"container\">\n\t\t\t\t\t<div class=\"e-con-inner\">\n\t\t\t\t<div class=\"elementor-element elementor-element-2e40e65 elementor-widget__width-inherit elementor-widget elementor-widget-html\" data-id=\"2e40e65\" data-element_type=\"widget\" data-e-type=\"widget\" data-widget_type=\"html.default\">\n\t\t\t\t<div class=\"elementor-widget-container\">\n\t\t\t\t\t<div class=\"afg-container\">\n  <!-- Filter Menu -->\n  <div class=\"afg-filters\">\n    <ul id=\"filter-list\">\n      <li><a href=\"javascript:void(0);\" class=\"filter-menu-item active\" data-filter=\"all\">Alle<\/a><\/li>\n      <li><a href=\"javascript:void(0);\" class=\"filter-menu-item\" data-filter=\"en-cours\">laufend<\/a><\/li>\n      <li><a href=\"javascript:void(0);\" class=\"filter-menu-item realises\" data-filter=\"realis\u00e9s\">ausgef\u00fchrt<\/a><\/li>\n      <li><a href=\"javascript:void(0);\" class=\"filter-menu-item renovations\" data-filter=\"renovations\">sanierung<\/a><\/li>\n      <li><a href=\"javascript:void(0);\" class=\"filter-menu-item\" data-filter=\"construction-neuve\">neubau<\/a><\/li>\n    <\/ul>\n    <button id=\"filterexpand\">filtern<\/button>\n  <\/div>\n\n  <!-- Gallery -->\n  <div class=\"afg-gallery\">\n\n    <!-- Image 1 -->\n    <div class=\"afg-gallery-item realises construction-neuve\">\n      <a href=\"http:\/\/www.coray-vallat.ch\/de\/villa-la-cret\/\" class=\"afg-full-link\">\n        <div class=\"afg-image-container\">\n          <img data-recalc-dims=\"1\" decoding=\"async\" src=\"https:\/\/i0.wp.com\/www.coray-vallat.ch\/wp-content\/uploads\/2025\/07\/002_1.webp?w=800\" alt=\"Villa la Cr\u00eat\">\n          <div class=\"afg-overlay\">\n            <div class=\"afg-overlay-content\">\n              <h2>Haus le Cr\u00eat<\/h2>\n              <h5>Delsberg (Jura) <\/h5>\n               <h6>2018 - 2020<\/h6>\n            <\/div>\n          <\/div>\n        <\/div>\n      <\/a>\n    <\/div>\n\n    <!-- Image 2 -->\n    <div class=\"afg-gallery-item renovations realis\u00e9s\">\n      <a href=\"http:\/\/www.coray-vallat.ch\/de\/villa-le-college\/\" class=\"afg-full-link\">\n        <div class=\"afg-image-container\">\n          <img data-recalc-dims=\"1\" decoding=\"async\" src=\"https:\/\/i0.wp.com\/www.coray-vallat.ch\/wp-content\/uploads\/2025\/07\/villa-le-college.webp?w=800\" alt=\"Haus le Coll\u00e8ge\">\n          <div class=\"afg-overlay\">\n            <div class=\"afg-overlay-content\">\n              <h2>Haus le Coll\u00e8ge<\/h2>\n              <h5>Le Noirmont (Jura) <\/h5>\n               <h6>2020 \u2013 2021<\/h6>\n            <\/div>\n          <\/div>\n        <\/div>\n      <\/a>\n    <\/div>\n\n    <!-- Image 3 -->\n    <div class=\"afg-gallery-item renovations en-cours\">\n      <a href=\"http:\/\/www.coray-vallat.ch\/de\/gemeindegebaude-und-grundschule\/\" class=\"afg-full-link\">\n        <div class=\"afg-image-container\">\n          <img data-recalc-dims=\"1\" decoding=\"async\" src=\"https:\/\/i0.wp.com\/www.coray-vallat.ch\/wp-content\/uploads\/2026\/02\/2025.11.24_imagine_CorayVallat_Grandfontaine_Non-retouchee-2-scaled.jpg?w=800\">\n          <div class=\"afg-overlay\">\n            <div class=\"afg-overlay-content\">\n              <h2>Gemeinde- und Schulgeb\u00e4ude<\/h2>\n              <h5>Grandfontaine (Jura) <\/h5> \n              <h6> 2024 \u2013 laufend <\/h6>\n            <\/div>\n          <\/div>\n        <\/div>\n      <\/a>\n    <\/div>  \n\n    <!-- Image 4 -->\n    <div class=\"afg-gallery-item en-cours construction-neuve\">\n      <a href=\"http:\/\/www.coray-vallat.ch\/de\/villa-butte\/\" class=\"afg-full-link\">\n        <div class=\"afg-image-container\">\n          <img data-recalc-dims=\"1\" decoding=\"async\" src=\"https:\/\/i0.wp.com\/www.coray-vallat.ch\/wp-content\/uploads\/2025\/09\/Butte_concept.gif?w=800\">\n          <div class=\"afg-overlay\">\n            <div class=\"afg-overlay-content\">\n              <h2>Haus Butte<\/h2>\n              <h5>Epalinges (Vaud) <\/h5>\n               <h6>2021 \u2013 in ausf\u00fcrung<\/h6>\n            <\/div>\n          <\/div>\n        <\/div>\n      <\/a>\n    <\/div>\n\n    <!-- Image 5 -->\n    <div class=\"afg-gallery-item renovations en-cours\">\n      <a href=\"http:\/\/www.coray-vallat.ch\/de\/eimeldingerweg-2\/\" class=\"afg-full-link\">\n        <div class=\"afg-image-container\">\n          <img data-recalc-dims=\"1\" decoding=\"async\" src=\"https:\/\/i0.wp.com\/www.coray-vallat.ch\/wp-content\/uploads\/2025\/08\/030_1_v2.jpg?w=800\" alt=\"Eimeldingerweg\">\n          <div class=\"afg-overlay\">\n            <div class=\"afg-overlay-content\">\n              <h2>Eimeldingerweg<\/h2>\n              <h5>Basel (Basel-Stadt) <\/h5>\n              <h6>2024 \u2013 laufend<\/h6>\n            <\/div>\n          <\/div>\n        <\/div>\n      <\/a>\n    <\/div>\n\n    <!-- Image 6 -->\n    <div class=\"afg-gallery-item renovations realis\u00e9s\">\n      <a href=\"http:\/\/www.coray-vallat.ch\/de\/rathaus\/\" class=\"afg-full-link\">\n        <div class=\"afg-image-container\">\n          <img data-recalc-dims=\"1\" decoding=\"async\" src=\"https:\/\/i0.wp.com\/www.coray-vallat.ch\/wp-content\/uploads\/2025\/08\/009_00.webp?w=800\">\n          <div class=\"afg-overlay\">\n            <div class=\"afg-overlay-content\">\n              <h2>Rathaus<\/h2>\n              <h5>Bure (Jura) <\/h5> \n              <h6>2024 \u2013 2025<\/h6>\n            <\/div>\n          <\/div>\n        <\/div>\n      <\/a>\n    <\/div>\n\n    <!-- Image 7 -->\n    <div class=\"afg-gallery-item renovations realis\u00e9s\">\n      <a href=\"http:\/\/www.coray-vallat.ch\/de\/schulkreis-creugnat-2\/\" class=\"afg-full-link\">\n        <div class=\"afg-image-container\">\n          <img data-recalc-dims=\"1\" decoding=\"async\" src=\"https:\/\/i0.wp.com\/www.coray-vallat.ch\/wp-content\/uploads\/2026\/02\/DJI_0403-1-scaled.jpg?w=800\" alt=\"Schulbezirk Creugnat\">\n          <div class=\"afg-overlay\">\n            <div class=\"afg-overlay-content\">\n              <h2>Schulbezirk Creugnat<\/h2>\n              <h5>Bure (Jura)<\/h5> \n              <h6>2020 \u2013 2023<\/h6>\n            <\/div>\n          <\/div>\n        <\/div>\n      <\/a>\n    <\/div>\n\n    <!-- Image 8 -->\n    <div class=\"afg-gallery-item renovations realis\u00e9s\">\n      <a href=\"http:\/\/www.coray-vallat.ch\/de\/auserschulische-betreuung\/\" class=\"afg-full-link\">\n        <div class=\"afg-image-container\">\n          <img data-recalc-dims=\"1\" decoding=\"async\" src=\"https:\/\/i0.wp.com\/www.coray-vallat.ch\/wp-content\/uploads\/2025\/07\/003_1-1.webp?w=800\" alt=\"KINDERKRIPPE\">\n          <div class=\"afg-overlay\">\n            <div class=\"afg-overlay-content\">\n              <h2>Kinderkrippe<\/h2>\n              <h5>Bure (Jura) <\/h5>\n            <h6>2017 \u2013 2022<\/h6>\n            <\/div>\n          <\/div>\n        <\/div>\n      <\/a>\n    <\/div>\n\n    <!-- Image 9 -->\n    <div class=\"afg-gallery-item renovations realis\u00e9s\">\n      <a href=\"http:\/\/www.coray-vallat.ch\/de\/eimeldingerweg-2\/\" class=\"afg-full-link\">\n        <div class=\"afg-image-container\">\n          <img data-recalc-dims=\"1\" decoding=\"async\" src=\"https:\/\/i0.wp.com\/www.coray-vallat.ch\/wp-content\/uploads\/2026\/03\/035_Brique-Sud-scaled.jpg?w=800\">\n          <div class=\"afg-overlay\">\n            <div class=\"afg-overlay-content\">\n              <h2>Villa le B\u00e9ridier<\/h2>\n              <h5>Delsberg (Jura) <\/h5>\n              <h6> 2025 - laufend <\/h6>\n            <\/div>\n          <\/div>\n        <\/div>\n      <\/a>\n    <\/div>\n    \n <!-- Image 10 -->\n    <div class=\"afg-gallery-item renovations en en-cours\">\n      <a href=\"http:\/\/www.coray-vallat.ch\/de\/bleiche\/\" class=\"afg-full-link\">\n        <div class=\"afg-image-container\">\n          <img data-recalc-dims=\"1\" decoding=\"async\" src=\"https:\/\/i0.wp.com\/www.coray-vallat.ch\/wp-content\/uploads\/2025\/08\/PXL_20250718_091731455_2.jpg?w=800\">\n          <div class=\"afg-overlay\">\n            <div class=\"afg-overlay-content\">\n              <h2>Blanchettes<\/h2>\n              <h5>Lutry (Vaud) <\/h5>\n              <h6> 2025 - laufend <\/h6>\n            <\/div>\n          <\/div>\n        <\/div>\n      <\/a>\n    <\/div>\n\n  <!-- Image 11 -->\n    <div class=\"afg-gallery-item renovations realis\u00e9s\">\n      <a href=\"http:\/\/www.coray-vallat.ch\/de\/villa-im-dorf\/\" class=\"afg-full-link\">\n        <div class=\"afg-image-container\">\n          <img data-recalc-dims=\"1\" decoding=\"async\" src=\"https:\/\/i0.wp.com\/www.coray-vallat.ch\/wp-content\/uploads\/2025\/07\/villa-au-village.webp?w=800\" alt=\"Haus au Village\">\n          <div class=\"afg-overlay\">\n            <div class=\"afg-overlay-content\">\n              <h2>Haus au Village<\/h2>\n              <h5>Le B\u00e9mont (Jura) <\/h5>\n               <h6>2020 \u2013 2021<\/h6>\n            <\/div>\n          <\/div>\n        <\/div>\n      <\/a>\n    <\/div>\n    \n    <!-- Image 12 -->\n    <div class=\"afg-gallery-item realis\u00e9s construction-neuve\">\n      <a href=\"http:\/\/www.coray-vallat.ch\/de\/villa-le-chos\/\" class=\"afg-full-link\">\n        <div class=\"afg-image-container\">\n          <img data-recalc-dims=\"1\" decoding=\"async\" src=\"https:\/\/i0.wp.com\/www.coray-vallat.ch\/wp-content\/uploads\/2025\/07\/Villa-le-chos.webp?w=800\" alt=\"Haus le Chos\">\n          <div class=\"afg-overlay\">\n            <div class=\"afg-overlay-content\">\n              <h2>Haus le Chos<\/h2>\n              <h5>Bure (Jura) <\/h5>\n               <h6>2016 \u2013 2018<\/h6>\n            <\/div>\n          <\/div>\n        <\/div>\n      <\/a>\n    <\/div>\n    \n        <!-- Image 13 -->\n    <div class=\"afg-gallery-item renovations realis\u00e9s\">\n      <a href=\"http:\/\/www.coray-vallat.ch\/de\/lancienne-cure\/\" class=\"afg-full-link\">\n        <div class=\"afg-image-container\">\n          <img data-recalc-dims=\"1\" decoding=\"async\" src=\"https:\/\/i0.wp.com\/www.coray-vallat.ch\/wp-content\/uploads\/2025\/07\/Lancienne-Cure-scaled.webp?w=800\" alt=\"Die ehemalige Pfarrei\">\n          <div class=\"afg-overlay\">\n            <div class=\"afg-overlay-content\">\n              <h2>Die ehemalige Pfarrei<\/h2>\n              <h5>Rocourt (Jura) <\/h5> \n              <h6>2022<\/h6>\n            <\/div>\n          <\/div>\n        <\/div>\n      <\/a>\n    <\/div>\n    \n    <!-- Image 14 -->\n    <div class=\"afg-gallery-item renovations en-cours\">\n      <a href=\"http:\/\/www.coray-vallat.ch\/de\/villa-du-coteau\/\" class=\"afg-full-link\">\n        <div class=\"afg-image-container\">\n          <img data-recalc-dims=\"1\" decoding=\"async\" src=\"https:\/\/i0.wp.com\/www.coray-vallat.ch\/wp-content\/uploads\/2025\/07\/Villa-au-Coteau.webp?w=800\" alt=\"Haus le Coteau\">\n          <div class=\"afg-overlay\">\n            <div class=\"afg-overlay-content\">\n              <h2>Haus le Coteau<\/h2>\n              <h5>Clarens (Vaud) <\/h5>\n               <h6>2021<\/h6>\n            <\/div>\n          <\/div>\n        <\/div>\n      <\/a>\n    <\/div>\n    \n  <\/div>\n<\/div>\n\n<!-- JS -->\n<script>\ndocument.querySelector('#filterexpand').addEventListener('click', function () {\n  const filterMenu = document.querySelector('#filter-list');\n  filterMenu.style.maxHeight = (filterMenu.style.maxHeight === \"0px\" || filterMenu.style.maxHeight === \"\") ? \"200px\" : \"0px\";\n});\n\ndocument.querySelectorAll('.filter-menu-item').forEach(item => {\n  item.addEventListener('click', function () {\n    const filter = this.getAttribute('data-filter');\n    document.querySelectorAll('.afg-gallery-item').forEach(galleryItem => {\n      galleryItem.style.display = (filter === 'all' || galleryItem.classList.contains(filter)) ? 'block' : 'none';\n    });\n    document.querySelectorAll('.filter-menu-item').forEach(link => link.classList.remove('selected'));\n    this.classList.add('selected');\n  });\n});\n<\/script>\n\n<!-- CSS -->\n<style>\n\/* General Layout *\/\n\/* General Layout *\/\n.afg-container {\n    width: 98%; \/* Set the     width: 98%; \/* Set the container width to 98% *\/\n    max-width: 98%; \/* Limit the maximum width to 98% *\/\n    margin: 0 auto;\n    padding: 0; \/* Set padding to zero *\/\n}\n\n\/* Filter Menu *\/\n.afg-filters {\n    display: flex;\n    align-items: center;\n    gap: 10px;\n    justify-content: flex-end; \/* Align filter menu to the right *\/\n    margin-bottom: 25px;\n}\n\n#filter-list {\n    list-style: none;\n    display: flex;\n    gap: 10px;\n    flex-wrap: nowrap;\n    max-height: 0px; \/* Initially hidden *\/\n    overflow: hidden;\n    transition: max-height 0.5s ease-in-out; \/* Smooth expansion *\/\n}\n\n\/* Filter Button *\/\n#filterexpand {\n    background-color: transparent;\n    border: none;\n    padding: 10px;\n    font-size: 16px !important;\n    cursor: pointer;\n    color: black;\n}\n\n\/* Menu Item Styles *\/\n.afg-filters a {\n    text-decoration: none;\n    padding: 10px;\n    color: black; \n    font-size: 16px !important; \n    font-weight: normal;\n    text-transform: none; \n    transition: all 0.3s ease;\n    cursor: pointer;\n    background-color: transparent; \n}\n\n.afg-filters a:hover {\n    background-color: transparent;\n}\n\n.afg-filters a.selected {\n    text-decoration: underline;\n    font-weight: bold;\n    position: relative;\n}\n\n.afg-filters a.selected::after {\n    content: '';\n    position: absolute;\n    bottom: 0;\n    left: 0;\n    width: 100%;\n    height: 2px;\n    background: #000;\n    animation: underline-animation 0.3s ease-out;\n}\n\n@keyframes underline-animation {\n    from { width: 0; }\n    to { width: 100%; }\n}\n\n\/* Gallery Layout *\/\nbody, html {\n    margin: 0;\n    padding: 0;\n    box-sizing: border-box;\n}\n\n.afg-gallery {\n    display: grid;\n    grid-template-columns: repeat(3, 1fr);\n    gap: 20px;\n}\n\n.afg-gallery.four-columns {\n    grid-template-columns: repeat(4, 1fr);\n}\n\n\/* Image Container & Hover Overlay *\/\n.afg-image-container {\n    position: relative;\n    overflow: hidden;\n    width: 100%;\n    height: 100%;\n}\n\n.afg-image-container img {\n    width: 100%;\n    height: 100%;\n    object-fit: cover;\n    transition: transform 0.5s ease; \/* Slow down hover effect *\/\n}\n\n.afg-image-container:hover img {\n    transform: scale(1.05); \/* Smooth zoom-in effect *\/\n}\n\n.afg-overlay {\n    position: absolute;\n    top: 0;\n    left: 0;\n    width: 100%;\n    height: 100%;\n    background-color: rgba(255, 255, 255, 0); \/* Start with fully transparent overlay *\/\n    display: flex;\n    justify-content: flex-start;\n    align-items: center;\n    text-align: left;\n    padding: 20px;\n    opacity: 0; \/* Initially hidden *\/\n    transition: opacity 0.4s ease, background-color 0.4s ease; \/* Smooth fade-in effect *\/\n}\n\n.afg-image-container:hover .afg-overlay {\n    opacity: 1; \/* Show overlay on hover *\/\n    background-color: rgba(255, 255, 255, 0.8); \/* Gentle white overlay *\/\n}\n\n.afg-overlay-content {\n    text-align: left;\n}\n  .afg-overlay h2 {\n     font-family: 'Space Grotesk', sans-serif;\n  font-weight: 700; \/* Gras *\/\n  font-size: 27px;\n  color: black;\n  margin: 0;\n}\n\n  .afg-overlay h5 {\n    font-family: 'Space Grotesk', sans-serif;\n  font-weight: 500; \/* Normal *\/\n  font-size: 18px;\n  color: black;\n  margin: 0 0 8px 0;\n}\n  \n  .afg-overlay h6 {\n  font-size: 14px;\n  font-weight: 400;\n    font-family: 'Space Grotesk', sans-serif;\n  color: black;\n  margin: 0;\n}\n\n.realises {\n  margin-right: 60px;\n}\n\n\/* Apply margin-right for large screens and up *\/\n@media (min-width: 768px) {\n  .realises {\n    margin-right: 60px;\n  }\n}\n\n\/* Remove margin-right on smaller screens (mobile) *\/\n@media (max-width: 767px) {\n  .realises {\n    margin-right: 0;\n  }\n}\/* Responsive Adjustments *\/\n\n\/* Tablet (768px to 1024px) *\/\n@media (max-width: 1024px) {\n  .afg-gallery {\n    grid-template-columns: repeat(2, 1fr); \/* 2 columns on tablet *\/\n    gap: 15px;\n  }\n    .afg-overlay h2 {\n     font-family: 'Space Grotesk', sans-serif;\n  font-weight: 700; \/* Gras *\/\n  font-size: 22px;\n  margin: 0;\n}\n\n  .afg-overlay h5 {\n    font-family: 'Space Grotesk', sans-serif;\n  font-weight: 500; \/* Normal *\/\n  font-size: 16px;\n  margin: 0 0 8px 0;\n}\n  \n  .afg-overlay h6 {\n  font-size: 12px;\n  font-weight: 300;\n    font-family: 'Space Grotesk', sans-serif;\n  margin: 0;\n}\n  .afg-filters {\n    flex-wrap: wrap; \/* Allow filters to wrap if needed *\/\n    justify-content: center;\n    gap: 8px;\n  }\n  \n  #filter-list {\n    flex-wrap: wrap;\n    gap: 8px;\n    max-height: none; \/* Keep it expanded on tablet *\/\n  }\n  #filterexpand {\n    font-size: 18px;\n  }\n}\n\n\/* Mobile (Below 767px) *\/\n@media (max-width: 767px) {\n  .afg-gallery {\n    grid-template-columns: 1fr; \/* Single column on mobile *\/\n    gap: 10px;\n  }\n  .afg-overlay {\n    padding: 10px;\n  }\n    .afg-overlay h2 {\n     font-family: 'Space Grotesk', sans-serif;\n  font-weight: 700; \/* Gras *\/\n  font-size: 20px;\n  margin: 0;\n}\n\n  .afg-overlay h5 {\n    font-family: 'Space Grotesk', sans-serif;\n  font-weight: 500; \/* Normal *\/\n  font-size: 14px;\n  margin: 0 0 8px 0;\n}\n  \n  .afg-overlay h6 {\n  font-size: 12px;\n  font-weight: 300;\n    font-family: 'Space Grotesk', sans-serif;\n  margin: 0;\n}\n  .afg-filters {\n    flex-direction: column; \/* Stack filter button and menu *\/\n    align-items: flex-start;\n  }\n  #filter-list {\n    flex-direction: column;\n    align-items: flex-start;\n    width: 100%;\n    gap: 5px;\n    max-height: 0; \/* Start collapsed on mobile *\/\n  }\n  #filterexpand {\n    align-self: flex-end;\n    font-size: 16px;\n  }\n}\n\n\/* Responsive Adjustments *\/\n\n\/* Tablet (768px to 1024px) *\/\n@media (max-width: 1024px) {\n  .afg-gallery {\n    grid-template-columns: repeat(2, 1fr); \/* 2 columns on tablet *\/\n    gap: 15px;\n  }\n    .afg-overlay h2 {\n     font-family: 'Space Grotesk', sans-serif;\n  font-weight: 700; \/* Gras *\/\n  font-size: 22px;\n  margin: 0;\n}\n\n  .afg-overlay h5 {\n    font-family: 'Space Grotesk', sans-serif;\n  font-weight: 500; \/* Normal *\/\n  font-size: 16px;\n  margin: 0 0 8px 0;\n}\n  \n  .afg-overlay h6 {\n  font-size: 12px;\n  font-weight: 300;\n    font-family: 'Space Grotesk', sans-serif;\n  margin: 0;\n}\n  .afg-filters {\n    flex-wrap: wrap; \/* Allow filters to wrap if needed *\/\n    justify-content: center;\n    gap: 8px;\n  }\n  #filter-list {\n    flex-wrap: wrap;\n    gap: 8px;\n    max-height: none; \/* Keep it expanded on tablet *\/\n  }\n  #filterexpand {\n    font-size: 18px;\n  }\n}\n\n\/* Mobile (Below 767px) *\/\n@media (max-width: 767px) {\n  .afg-gallery {\n    grid-template-columns: 1fr; \/* Single column on mobile *\/\n    gap: 10px;\n  }\n  .afg-overlay {\n    padding: 10px;\n  }\n  .afg-overlay h2 {\n     font-family: 'Space Grotesk', sans-serif;\n  font-weight: 700; \/* Gras *\/\n  font-size: 20px;\n  margin: 0;\n}\n\n  .afg-overlay h5 {\n    font-family: 'Space Grotesk', sans-serif;\n  font-weight: 500; \/* Normal *\/\n  font-size: 14px;\n  margin: 0 0 8px 0;\n}\n  \n  .afg-overlay h6 {\n  font-size: 12px;\n  font-weight: 300;\n    font-family: 'Space Grotesk', sans-serif;\n  margin: 0;\n}\n\n  .afg-filters {\n    flex-direction: column; \/* Stack filter button and menu *\/\n    align-items: flex-start;\n  }\n  #filter-list {\n    flex-direction: column;\n    align-items: flex-start;\n    width: 100%;\n    gap: 5px;\n    max-height: 0; \/* Start collapsed on mobile *\/\n  }\n  #filterexpand {\n    align-self: flex-end;\n    font-size: 16px;\n  }\n}\n\n\n.afg-full-link {\n  display: block;\n  color: inherit;\n  text-decoration: none;\n}\n\n.afg-full-link:hover {\n  text-decoration: none;\n}\n\n\/* AJOUT POUR CORRIGER LES FILTRES SUR MOBILE *\/\n@media (max-width: 767px) {\n  .afg-filters a {\n    display: inline-block;\n    white-space: nowrap;\n  }\n  .afg-filters a.selected::after {\n    bottom: -6px;\n  }\n}\n<\/style>\n\t\t\t\t<\/div>\n\t\t\t\t<\/div>\n\t\t\t\t\t<\/div>\n\t\t\t\t<\/div>\n\t\t\t\t<\/div>","protected":false},"excerpt":{"rendered":"<p>Projets Tous En cours R\u00e9alis\u00e9s R\u00e9novations Construction neuve Filtres Villa le Cr\u00eat Del\u00e9mont (Jura) 2018 \u2013 2020 Villa le Coll\u00e8ge Le Noirmont (Jura) 2020 \u2013 2021 Batiment communal et batiment scolaire Grandfontaine (Jura) 2024 \u2013 en cours Villa Butte Epalinges (Vaud) 2021 \u2013 en cours Eimeldingerweg B\u00e2le (B\u00e2le Ville) 2024 \u2013 En cours Mairie Bure (Jura) 2024 \u2013 2025 Cercle scolaire du Creugnat Bure (Jura) 2020 \u2013 2023 Accueil Parascolaire Bure (Jura) 2017 \u2013 2022 Villa le B\u00e9ridier Del\u00e9mont (Jura) 2025 &#8211; En cours Blanchettes Lutry (Vaud) 2025 &#8211; En cours Villa au village Le B\u00e9mont (Jura) 2020 \u2013 2021 Villa le Chos Bure (Jura) 2016 \u2013 2018 L&rsquo;ancienne Cure Rocourt (Jura) 2022 Villa au Coteau Clarens (Vaud) 2021<\/p>","protected":false},"author":1,"featured_media":0,"parent":0,"menu_order":0,"comment_status":"closed","ping_status":"closed","template":"","meta":{"footnotes":""},"class_list":["post-2378","page","type-page","status-publish","hentry"],"_links":{"self":[{"href":"http:\/\/www.coray-vallat.ch\/de\/wp-json\/wp\/v2\/pages\/2378","targetHints":{"allow":["GET"]}}],"collection":[{"href":"http:\/\/www.coray-vallat.ch\/de\/wp-json\/wp\/v2\/pages"}],"about":[{"href":"http:\/\/www.coray-vallat.ch\/de\/wp-json\/wp\/v2\/types\/page"}],"author":[{"embeddable":true,"href":"http:\/\/www.coray-vallat.ch\/de\/wp-json\/wp\/v2\/users\/1"}],"replies":[{"embeddable":true,"href":"http:\/\/www.coray-vallat.ch\/de\/wp-json\/wp\/v2\/comments?post=2378"}],"version-history":[{"count":204,"href":"http:\/\/www.coray-vallat.ch\/de\/wp-json\/wp\/v2\/pages\/2378\/revisions"}],"predecessor-version":[{"id":4702,"href":"http:\/\/www.coray-vallat.ch\/de\/wp-json\/wp\/v2\/pages\/2378\/revisions\/4702"}],"wp:attachment":[{"href":"http:\/\/www.coray-vallat.ch\/de\/wp-json\/wp\/v2\/media?parent=2378"}],"curies":[{"name":"wp","href":"https:\/\/api.w.org\/{rel}","templated":true}]}}