{"id":2305,"date":"2025-07-20T22:10:27","date_gmt":"2025-07-20T22:10:27","guid":{"rendered":"https:\/\/www.coray-vallat.ch\/?page_id=2305"},"modified":"2025-11-23T14:30:49","modified_gmt":"2025-11-23T14:30:49","slug":"blanchettes","status":"publish","type":"page","link":"http:\/\/www.coray-vallat.ch\/de\/bleiche\/","title":{"rendered":"Blanchettes"},"content":{"rendered":"<div data-elementor-type=\"wp-page\" data-elementor-id=\"2305\" class=\"elementor elementor-2305\" data-elementor-post-type=\"page\">\n\t\t\t\t<div class=\"elementor-element elementor-element-3b2b3c0 e-flex e-con-boxed wpr-particle-no wpr-jarallax-no wpr-parallax-no wpr-sticky-section-no e-con e-parent\" data-id=\"3b2b3c0\" data-element_type=\"container\" data-e-type=\"container\">\n\t\t\t\t\t<div class=\"e-con-inner\">\n\t\t<div class=\"elementor-element elementor-element-e2130a3 e-con-full e-flex wpr-particle-no wpr-jarallax-no wpr-parallax-no e-con e-child\" data-id=\"e2130a3\" data-element_type=\"container\" data-e-type=\"container\">\n\t\t<div class=\"elementor-element elementor-element-c2b2d75 e-con-full e-flex wpr-particle-no wpr-jarallax-no wpr-parallax-no e-con e-child\" data-id=\"c2b2d75\" data-element_type=\"container\" data-e-type=\"container\" id=\"sectionOne\">\n\t\t\t\t<div class=\"elementor-element elementor-element-aa36131 elementor-widget elementor-widget-heading\" data-id=\"aa36131\" data-element_type=\"widget\" data-e-type=\"widget\" data-widget_type=\"heading.default\">\n\t\t\t\t<div class=\"elementor-widget-container\">\n\t\t\t\t\t<h1 class=\"elementor-heading-title elementor-size-default\">Blanchettes\n<\/h1>\t\t\t\t<\/div>\n\t\t\t\t<\/div>\n\t\t\t\t<div class=\"elementor-element elementor-element-2231ff0 elementor-widget elementor-widget-heading\" data-id=\"2231ff0\" data-element_type=\"widget\" data-e-type=\"widget\" data-widget_type=\"heading.default\">\n\t\t\t\t<div class=\"elementor-widget-container\">\n\t\t\t\t\t<h2 class=\"elementor-heading-title elementor-size-default\">Lutry (Vaud)<br>2025<\/h2>\t\t\t\t<\/div>\n\t\t\t\t<\/div>\n\t\t\t\t<div class=\"elementor-element elementor-element-fed3cef elementor-widget elementor-widget-text-editor\" data-id=\"fed3cef\" data-element_type=\"widget\" data-e-type=\"widget\" data-widget_type=\"text-editor.default\">\n\t\t\t\t<div class=\"elementor-widget-container\">\n\t\t\t\t\t\t\t\t\t<p><strong>Bauherr<\/strong> Privat<br \/><strong>Programm<\/strong> Wohnbau<br \/><strong>Energiebezugsfl\u00e4che<\/strong> : &#8211;<br \/><strong>SIA-Volumen<\/strong> : &#8211;<br \/><strong>Kosten CFC 1-5<\/strong> 0.3 Mio.<\/p>\t\t\t\t\t\t\t\t<\/div>\n\t\t\t\t<\/div>\n\t\t\t\t<div class=\"elementor-element elementor-element-1de9369 elementor-widget elementor-widget-text-editor\" data-id=\"1de9369\" data-element_type=\"widget\" data-e-type=\"widget\" data-widget_type=\"text-editor.default\">\n\t\t\t\t<div class=\"elementor-widget-container\">\n\t\t\t\t\t\t\t\t\t<p data-start=\"143\" data-end=\"490\">Diese Eigentumswohnung befindet sich im Untergeschoss eines dreist\u00f6ckigen Geb\u00e4udes aus den 2000er Jahren und wurde komplett neu gestaltet, um den Bed\u00fcrfnissen einer modernen Familie gerecht zu werden. Sie verf\u00fcgt \u00fcber einen direkten Zugang zum Garten und einen einfach zauberhaften Blick auf den Genfer See und bietet ein au\u00dfergew\u00f6hnliches Wohnumfeld zwischen Ruhe und Panorama.<\/p><p data-start=\"492\" data-end=\"787\">Der Wohnbereich wurde durch den Wegfall des Eingangsbereichs vergr\u00f6\u00dfert, wodurch die K\u00fcche zur\u00fcckversetzt und ein gro\u00dfer, offener, heller und gem\u00fctlicher Wohn-K\u00fcchenbereich geschaffen werden konnte. Die Eingangst\u00fcr wurde an die Fassade verlegt, wodurch der \u00fcberdachte Vorraum, der in den Innenbereich hineinragte, entfiel.<\/p><p data-start=\"789\" data-end=\"1022\">Die Zimmer und Badezimmer wurden ebenfalls sorgf\u00e4ltig renoviert und strahlen nun eine zeitgem\u00e4\u00dfe und zugleich gem\u00fctliche Atmosph\u00e4re aus. Die gesamte Einrichtung wurde so konzipiert, dass sie Komfort, Funktionalit\u00e4t und Lebensqualit\u00e4t im Alltag bietet.<\/p><p><strong>Grafikkredite<\/strong><br \/><strong>Fotos<\/strong> : Coray Vallat Architekten<br \/><strong>Pl\u00e4ne<\/strong>: Coray Vallat Architekten<br \/><strong>Synthetisches Bild<\/strong> Coray Vallat Architekten<\/p>\t\t\t\t\t\t\t\t<\/div>\n\t\t\t\t<\/div>\n\t\t\t\t<\/div>\n\t\t\t\t<\/div>\n\t\t<div class=\"elementor-element elementor-element-9bd0e75 e-con-full e-flex wpr-particle-no wpr-jarallax-no wpr-parallax-no wpr-sticky-section-no e-con e-child\" data-id=\"9bd0e75\" data-element_type=\"container\" data-e-type=\"container\" id=\"sectionTwo\">\n\t\t\t\t<div class=\"elementor-element elementor-element-db653c3 elementor-widget elementor-widget-video\" data-id=\"db653c3\" data-element_type=\"widget\" data-e-type=\"widget\" data-settings=\"{&quot;video_type&quot;:&quot;hosted&quot;,&quot;autoplay&quot;:&quot;yes&quot;,&quot;play_on_mobile&quot;:&quot;yes&quot;,&quot;mute&quot;:&quot;yes&quot;,&quot;loop&quot;:&quot;yes&quot;}\" data-widget_type=\"video.default\">\n\t\t\t\t<div class=\"elementor-widget-container\">\n\t\t\t\t\t\t\t<div class=\"e-hosted-video elementor-wrapper elementor-open-inline\">\n\t\t\t\t\t<video class=\"elementor-video\" src=\"http:\/\/www.coray-vallat.ch\/wp-content\/uploads\/2025\/08\/PXL_20250718_091733702.mp4\" autoplay=\"\" loop=\"\" muted=\"muted\" playsinline=\"\" controlslist=\"nodownload\"><\/video>\n\t\t\t\t<\/div>\n\t\t\t\t\t\t<\/div>\n\t\t\t\t<\/div>\n\t\t\t\t<div class=\"elementor-element elementor-element-080facf gallery-spacing-custom elementor-widget elementor-widget-image-gallery\" data-id=\"080facf\" data-element_type=\"widget\" data-e-type=\"widget\" data-widget_type=\"image-gallery.default\">\n\t\t\t\t<div class=\"elementor-widget-container\">\n\t\t\t\t\t\t\t<div class=\"elementor-image-gallery\">\n\t\t\t<div id='gallery-1' class='gallery galleryid-2305 gallery-columns-1 gallery-size-full'><figure class='gallery-item'>\n\t\t\t<div class='gallery-icon landscape'>\n\t\t\t\t<a data-elementor-open-lightbox=\"yes\" data-elementor-lightbox-slideshow=\"080facf\" data-elementor-lightbox-title=\"031 F\" data-elementor-lightbox-description=\"031 F\" data-e-action-hash=\"#elementor-action%3Aaction%3Dlightbox%26settings%3DeyJpZCI6MjMxMiwidXJsIjoiaHR0cDpcL1wvd3d3LmNvcmF5LXZhbGxhdC5jaFwvd3AtY29udGVudFwvdXBsb2Fkc1wvMjAyNVwvMDdcLzAzMV9GLndlYnAiLCJzbGlkZXNob3ciOiIwODBmYWNmIn0%3D\" title=\"031 F\"  href=\"https:\/\/i0.wp.com\/www.coray-vallat.ch\/wp-content\/uploads\/2025\/07\/031_F.webp\"><img fetchpriority=\"high\" decoding=\"async\" width=\"1969\" height=\"1181\" src=\"https:\/\/i0.wp.com\/www.coray-vallat.ch\/wp-content\/uploads\/2025\/07\/031_F.webp?fit=1969%2C1181\" class=\"attachment-full size-full\" alt=\"031 F\" aria-describedby=\"gallery-1-2312\" srcset=\"https:\/\/i0.wp.com\/www.coray-vallat.ch\/wp-content\/uploads\/2025\/07\/031_F.webp?w=1969 1969w, https:\/\/i0.wp.com\/www.coray-vallat.ch\/wp-content\/uploads\/2025\/07\/031_F.webp?resize=300%2C180 300w, https:\/\/i0.wp.com\/www.coray-vallat.ch\/wp-content\/uploads\/2025\/07\/031_F.webp?resize=1024%2C614 1024w, https:\/\/i0.wp.com\/www.coray-vallat.ch\/wp-content\/uploads\/2025\/07\/031_F.webp?resize=768%2C461 768w, https:\/\/i0.wp.com\/www.coray-vallat.ch\/wp-content\/uploads\/2025\/07\/031_F.webp?resize=1536%2C921 1536w, https:\/\/i0.wp.com\/www.coray-vallat.ch\/wp-content\/uploads\/2025\/07\/031_F.webp?w=1600 1600w\" sizes=\"(max-width: 800px) 100vw, 800px\" \/><\/a>\n\t\t\t<\/div>\n\t\t\t\t<figcaption class='wp-caption-text gallery-caption' id='gallery-1-2312'>\n\t\t\t\t031 F\n\t\t\t\t<\/figcaption><\/figure><figure class='gallery-item'>\n\t\t\t<div class='gallery-icon landscape'>\n\t\t\t\t<a data-elementor-open-lightbox=\"yes\" data-elementor-lightbox-slideshow=\"080facf\" data-elementor-lightbox-title=\"031 E\" data-elementor-lightbox-description=\"031 E\" data-e-action-hash=\"#elementor-action%3Aaction%3Dlightbox%26settings%3DeyJpZCI6MjMxMywidXJsIjoiaHR0cDpcL1wvd3d3LmNvcmF5LXZhbGxhdC5jaFwvd3AtY29udGVudFwvdXBsb2Fkc1wvMjAyNVwvMDdcLzAzMV9FLndlYnAiLCJzbGlkZXNob3ciOiIwODBmYWNmIn0%3D\" title=\"031 E\"  href=\"https:\/\/i0.wp.com\/www.coray-vallat.ch\/wp-content\/uploads\/2025\/07\/031_E.webp\"><img decoding=\"async\" width=\"1969\" height=\"1181\" src=\"https:\/\/i0.wp.com\/www.coray-vallat.ch\/wp-content\/uploads\/2025\/07\/031_E.webp?fit=1969%2C1181\" class=\"attachment-full size-full\" alt=\"031 E\" aria-describedby=\"gallery-1-2313\" srcset=\"https:\/\/i0.wp.com\/www.coray-vallat.ch\/wp-content\/uploads\/2025\/07\/031_E.webp?w=1969 1969w, https:\/\/i0.wp.com\/www.coray-vallat.ch\/wp-content\/uploads\/2025\/07\/031_E.webp?resize=300%2C180 300w, https:\/\/i0.wp.com\/www.coray-vallat.ch\/wp-content\/uploads\/2025\/07\/031_E.webp?resize=1024%2C614 1024w, https:\/\/i0.wp.com\/www.coray-vallat.ch\/wp-content\/uploads\/2025\/07\/031_E.webp?resize=768%2C461 768w, https:\/\/i0.wp.com\/www.coray-vallat.ch\/wp-content\/uploads\/2025\/07\/031_E.webp?resize=1536%2C921 1536w, https:\/\/i0.wp.com\/www.coray-vallat.ch\/wp-content\/uploads\/2025\/07\/031_E.webp?w=1600 1600w\" sizes=\"(max-width: 800px) 100vw, 800px\" \/><\/a>\n\t\t\t<\/div>\n\t\t\t\t<figcaption class='wp-caption-text gallery-caption' id='gallery-1-2313'>\n\t\t\t\t031 E\n\t\t\t\t<\/figcaption><\/figure><figure class='gallery-item'>\n\t\t\t<div class='gallery-icon landscape'>\n\t\t\t\t<a data-elementor-open-lightbox=\"yes\" data-elementor-lightbox-slideshow=\"080facf\" data-elementor-lightbox-title=\"031 G\" data-elementor-lightbox-description=\"031 G\" data-e-action-hash=\"#elementor-action%3Aaction%3Dlightbox%26settings%3DeyJpZCI6MjMxMSwidXJsIjoiaHR0cDpcL1wvd3d3LmNvcmF5LXZhbGxhdC5jaFwvd3AtY29udGVudFwvdXBsb2Fkc1wvMjAyNVwvMDdcLzAzMV9HLndlYnAiLCJzbGlkZXNob3ciOiIwODBmYWNmIn0%3D\" title=\"031 G\"  href=\"https:\/\/i0.wp.com\/www.coray-vallat.ch\/wp-content\/uploads\/2025\/07\/031_G.webp\"><img decoding=\"async\" width=\"1969\" height=\"1181\" src=\"https:\/\/i0.wp.com\/www.coray-vallat.ch\/wp-content\/uploads\/2025\/07\/031_G.webp?fit=1969%2C1181\" class=\"attachment-full size-full\" alt=\"031 G\" aria-describedby=\"gallery-1-2311\" srcset=\"https:\/\/i0.wp.com\/www.coray-vallat.ch\/wp-content\/uploads\/2025\/07\/031_G.webp?w=1969 1969w, https:\/\/i0.wp.com\/www.coray-vallat.ch\/wp-content\/uploads\/2025\/07\/031_G.webp?resize=300%2C180 300w, https:\/\/i0.wp.com\/www.coray-vallat.ch\/wp-content\/uploads\/2025\/07\/031_G.webp?resize=1024%2C614 1024w, https:\/\/i0.wp.com\/www.coray-vallat.ch\/wp-content\/uploads\/2025\/07\/031_G.webp?resize=768%2C461 768w, https:\/\/i0.wp.com\/www.coray-vallat.ch\/wp-content\/uploads\/2025\/07\/031_G.webp?resize=1536%2C921 1536w, https:\/\/i0.wp.com\/www.coray-vallat.ch\/wp-content\/uploads\/2025\/07\/031_G.webp?w=1600 1600w\" sizes=\"(max-width: 800px) 100vw, 800px\" \/><\/a>\n\t\t\t<\/div>\n\t\t\t\t<figcaption class='wp-caption-text gallery-caption' id='gallery-1-2311'>\n\t\t\t\t031 G\n\t\t\t\t<\/figcaption><\/figure><figure class='gallery-item'>\n\t\t\t<div class='gallery-icon landscape'>\n\t\t\t\t<a data-elementor-open-lightbox=\"yes\" data-elementor-lightbox-slideshow=\"080facf\" data-elementor-lightbox-title=\"031 H\" data-elementor-lightbox-description=\"031 H\" data-e-action-hash=\"#elementor-action%3Aaction%3Dlightbox%26settings%3DeyJpZCI6MjMxMCwidXJsIjoiaHR0cDpcL1wvd3d3LmNvcmF5LXZhbGxhdC5jaFwvd3AtY29udGVudFwvdXBsb2Fkc1wvMjAyNVwvMDdcLzAzMV9ILndlYnAiLCJzbGlkZXNob3ciOiIwODBmYWNmIn0%3D\" title=\"031 H\"  href=\"https:\/\/i0.wp.com\/www.coray-vallat.ch\/wp-content\/uploads\/2025\/07\/031_H.webp\"><img loading=\"lazy\" decoding=\"async\" width=\"1969\" height=\"1181\" src=\"https:\/\/i0.wp.com\/www.coray-vallat.ch\/wp-content\/uploads\/2025\/07\/031_H.webp?fit=1969%2C1181\" class=\"attachment-full size-full\" alt=\"031 H\" aria-describedby=\"gallery-1-2310\" srcset=\"https:\/\/i0.wp.com\/www.coray-vallat.ch\/wp-content\/uploads\/2025\/07\/031_H.webp?w=1969 1969w, https:\/\/i0.wp.com\/www.coray-vallat.ch\/wp-content\/uploads\/2025\/07\/031_H.webp?resize=300%2C180 300w, https:\/\/i0.wp.com\/www.coray-vallat.ch\/wp-content\/uploads\/2025\/07\/031_H.webp?resize=1024%2C614 1024w, https:\/\/i0.wp.com\/www.coray-vallat.ch\/wp-content\/uploads\/2025\/07\/031_H.webp?resize=768%2C461 768w, https:\/\/i0.wp.com\/www.coray-vallat.ch\/wp-content\/uploads\/2025\/07\/031_H.webp?resize=1536%2C921 1536w, https:\/\/i0.wp.com\/www.coray-vallat.ch\/wp-content\/uploads\/2025\/07\/031_H.webp?w=1600 1600w\" sizes=\"(max-width: 800px) 100vw, 800px\" \/><\/a>\n\t\t\t<\/div>\n\t\t\t\t<figcaption class='wp-caption-text gallery-caption' id='gallery-1-2310'>\n\t\t\t\t031 H\n\t\t\t\t<\/figcaption><\/figure><figure class='gallery-item'>\n\t\t\t<div class='gallery-icon landscape'>\n\t\t\t\t<a data-elementor-open-lightbox=\"yes\" data-elementor-lightbox-slideshow=\"080facf\" data-elementor-lightbox-title=\"031 A\" data-elementor-lightbox-description=\"031 A\" data-e-action-hash=\"#elementor-action%3Aaction%3Dlightbox%26settings%3DeyJpZCI6MjMxNywidXJsIjoiaHR0cDpcL1wvd3d3LmNvcmF5LXZhbGxhdC5jaFwvd3AtY29udGVudFwvdXBsb2Fkc1wvMjAyNVwvMDdcLzAzMV9BLndlYnAiLCJzbGlkZXNob3ciOiIwODBmYWNmIn0%3D\" title=\"031 A\"  href=\"https:\/\/i0.wp.com\/www.coray-vallat.ch\/wp-content\/uploads\/2025\/07\/031_A.webp\"><img loading=\"lazy\" decoding=\"async\" width=\"2500\" height=\"1768\" src=\"https:\/\/i0.wp.com\/www.coray-vallat.ch\/wp-content\/uploads\/2025\/07\/031_A.webp?fit=2500%2C1768\" class=\"attachment-full size-full\" alt=\"031 A\" aria-describedby=\"gallery-1-2317\" srcset=\"https:\/\/i0.wp.com\/www.coray-vallat.ch\/wp-content\/uploads\/2025\/07\/031_A.webp?w=2500 2500w, https:\/\/i0.wp.com\/www.coray-vallat.ch\/wp-content\/uploads\/2025\/07\/031_A.webp?resize=300%2C212 300w, https:\/\/i0.wp.com\/www.coray-vallat.ch\/wp-content\/uploads\/2025\/07\/031_A.webp?resize=1024%2C724 1024w, https:\/\/i0.wp.com\/www.coray-vallat.ch\/wp-content\/uploads\/2025\/07\/031_A.webp?resize=768%2C543 768w, https:\/\/i0.wp.com\/www.coray-vallat.ch\/wp-content\/uploads\/2025\/07\/031_A.webp?resize=1536%2C1086 1536w, https:\/\/i0.wp.com\/www.coray-vallat.ch\/wp-content\/uploads\/2025\/07\/031_A.webp?resize=2048%2C1448 2048w, https:\/\/i0.wp.com\/www.coray-vallat.ch\/wp-content\/uploads\/2025\/07\/031_A.webp?w=1600 1600w, https:\/\/i0.wp.com\/www.coray-vallat.ch\/wp-content\/uploads\/2025\/07\/031_A.webp?w=2400 2400w\" sizes=\"(max-width: 800px) 100vw, 800px\" \/><\/a>\n\t\t\t<\/div>\n\t\t\t\t<figcaption class='wp-caption-text gallery-caption' id='gallery-1-2317'>\n\t\t\t\t031 A\n\t\t\t\t<\/figcaption><\/figure><figure class='gallery-item'>\n\t\t\t<div class='gallery-icon landscape'>\n\t\t\t\t<a data-elementor-open-lightbox=\"yes\" data-elementor-lightbox-slideshow=\"080facf\" data-elementor-lightbox-title=\"031 B scaled\" data-elementor-lightbox-description=\"031 B scaled\" data-e-action-hash=\"#elementor-action%3Aaction%3Dlightbox%26settings%3DeyJpZCI6MjMxNCwidXJsIjoiaHR0cDpcL1wvd3d3LmNvcmF5LXZhbGxhdC5jaFwvd3AtY29udGVudFwvdXBsb2Fkc1wvMjAyNVwvMDdcLzAzMV9CLXNjYWxlZC53ZWJwIiwic2xpZGVzaG93IjoiMDgwZmFjZiJ9\" title=\"031 B gesch\u00e4lt\"  href=\"https:\/\/i0.wp.com\/www.coray-vallat.ch\/wp-content\/uploads\/2025\/07\/031_B-scaled.webp\"><img loading=\"lazy\" decoding=\"async\" width=\"2560\" height=\"1811\" src=\"https:\/\/i0.wp.com\/www.coray-vallat.ch\/wp-content\/uploads\/2025\/07\/031_B-scaled.webp?fit=2560%2C1811\" class=\"attachment-full size-full\" alt=\"031 B gesch\u00e4lt\" aria-describedby=\"gallery-1-2314\" srcset=\"https:\/\/i0.wp.com\/www.coray-vallat.ch\/wp-content\/uploads\/2025\/07\/031_B-scaled.webp?w=2560 2560w, https:\/\/i0.wp.com\/www.coray-vallat.ch\/wp-content\/uploads\/2025\/07\/031_B-scaled.webp?resize=300%2C212 300w, https:\/\/i0.wp.com\/www.coray-vallat.ch\/wp-content\/uploads\/2025\/07\/031_B-scaled.webp?resize=1024%2C724 1024w, https:\/\/i0.wp.com\/www.coray-vallat.ch\/wp-content\/uploads\/2025\/07\/031_B-scaled.webp?resize=768%2C543 768w, https:\/\/i0.wp.com\/www.coray-vallat.ch\/wp-content\/uploads\/2025\/07\/031_B-scaled.webp?resize=1536%2C1086 1536w, https:\/\/i0.wp.com\/www.coray-vallat.ch\/wp-content\/uploads\/2025\/07\/031_B-scaled.webp?resize=2048%2C1448 2048w, https:\/\/i0.wp.com\/www.coray-vallat.ch\/wp-content\/uploads\/2025\/07\/031_B-scaled.webp?w=1600 1600w, https:\/\/i0.wp.com\/www.coray-vallat.ch\/wp-content\/uploads\/2025\/07\/031_B-scaled.webp?w=2400 2400w\" sizes=\"(max-width: 800px) 100vw, 800px\" \/><\/a>\n\t\t\t<\/div>\n\t\t\t\t<figcaption class='wp-caption-text gallery-caption' id='gallery-1-2314'>\n\t\t\t\t031 B gesch\u00e4lt\n\t\t\t\t<\/figcaption><\/figure><figure class='gallery-item'>\n\t\t\t<div class='gallery-icon landscape'>\n\t\t\t\t<a data-elementor-open-lightbox=\"yes\" data-elementor-lightbox-slideshow=\"080facf\" data-elementor-lightbox-title=\"031 D scaled\" data-elementor-lightbox-description=\"031 D scaled\" data-e-action-hash=\"#elementor-action%3Aaction%3Dlightbox%26settings%3DeyJpZCI6MjMxNSwidXJsIjoiaHR0cDpcL1wvd3d3LmNvcmF5LXZhbGxhdC5jaFwvd3AtY29udGVudFwvdXBsb2Fkc1wvMjAyNVwvMDdcLzAzMV9ELXNjYWxlZC53ZWJwIiwic2xpZGVzaG93IjoiMDgwZmFjZiJ9\" title=\"031 D gescaled\"  href=\"https:\/\/i0.wp.com\/www.coray-vallat.ch\/wp-content\/uploads\/2025\/07\/031_D-scaled.webp\"><img loading=\"lazy\" decoding=\"async\" width=\"2560\" height=\"1811\" src=\"https:\/\/i0.wp.com\/www.coray-vallat.ch\/wp-content\/uploads\/2025\/07\/031_D-scaled.webp?fit=2560%2C1811\" class=\"attachment-full size-full\" alt=\"031 D gescaled\" aria-describedby=\"gallery-1-2315\" srcset=\"https:\/\/i0.wp.com\/www.coray-vallat.ch\/wp-content\/uploads\/2025\/07\/031_D-scaled.webp?w=2560 2560w, https:\/\/i0.wp.com\/www.coray-vallat.ch\/wp-content\/uploads\/2025\/07\/031_D-scaled.webp?resize=300%2C212 300w, https:\/\/i0.wp.com\/www.coray-vallat.ch\/wp-content\/uploads\/2025\/07\/031_D-scaled.webp?resize=1024%2C724 1024w, https:\/\/i0.wp.com\/www.coray-vallat.ch\/wp-content\/uploads\/2025\/07\/031_D-scaled.webp?resize=768%2C543 768w, https:\/\/i0.wp.com\/www.coray-vallat.ch\/wp-content\/uploads\/2025\/07\/031_D-scaled.webp?resize=1536%2C1086 1536w, https:\/\/i0.wp.com\/www.coray-vallat.ch\/wp-content\/uploads\/2025\/07\/031_D-scaled.webp?resize=2048%2C1448 2048w, https:\/\/i0.wp.com\/www.coray-vallat.ch\/wp-content\/uploads\/2025\/07\/031_D-scaled.webp?w=1600 1600w, https:\/\/i0.wp.com\/www.coray-vallat.ch\/wp-content\/uploads\/2025\/07\/031_D-scaled.webp?w=2400 2400w\" sizes=\"(max-width: 800px) 100vw, 800px\" \/><\/a>\n\t\t\t<\/div>\n\t\t\t\t<figcaption class='wp-caption-text gallery-caption' id='gallery-1-2315'>\n\t\t\t\t031 D gescaled\n\t\t\t\t<\/figcaption><\/figure><figure class='gallery-item'>\n\t\t\t<div class='gallery-icon landscape'>\n\t\t\t\t<a data-elementor-open-lightbox=\"yes\" data-elementor-lightbox-slideshow=\"080facf\" data-elementor-lightbox-title=\"031 C scaled\" data-elementor-lightbox-description=\"031 C scaled\" data-e-action-hash=\"#elementor-action%3Aaction%3Dlightbox%26settings%3DeyJpZCI6MjMxNiwidXJsIjoiaHR0cDpcL1wvd3d3LmNvcmF5LXZhbGxhdC5jaFwvd3AtY29udGVudFwvdXBsb2Fkc1wvMjAyNVwvMDdcLzAzMV9DLXNjYWxlZC53ZWJwIiwic2xpZGVzaG93IjoiMDgwZmFjZiJ9\" title=\"031 C scaled\"  href=\"https:\/\/i0.wp.com\/www.coray-vallat.ch\/wp-content\/uploads\/2025\/07\/031_C-scaled.webp\"><img loading=\"lazy\" decoding=\"async\" width=\"2560\" height=\"1811\" src=\"https:\/\/i0.wp.com\/www.coray-vallat.ch\/wp-content\/uploads\/2025\/07\/031_C-scaled.webp?fit=2560%2C1811\" class=\"attachment-full size-full\" alt=\"031 C scaled\" aria-describedby=\"gallery-1-2316\" srcset=\"https:\/\/i0.wp.com\/www.coray-vallat.ch\/wp-content\/uploads\/2025\/07\/031_C-scaled.webp?w=2560 2560w, https:\/\/i0.wp.com\/www.coray-vallat.ch\/wp-content\/uploads\/2025\/07\/031_C-scaled.webp?resize=300%2C212 300w, https:\/\/i0.wp.com\/www.coray-vallat.ch\/wp-content\/uploads\/2025\/07\/031_C-scaled.webp?resize=1024%2C724 1024w, https:\/\/i0.wp.com\/www.coray-vallat.ch\/wp-content\/uploads\/2025\/07\/031_C-scaled.webp?resize=768%2C543 768w, https:\/\/i0.wp.com\/www.coray-vallat.ch\/wp-content\/uploads\/2025\/07\/031_C-scaled.webp?resize=1536%2C1086 1536w, https:\/\/i0.wp.com\/www.coray-vallat.ch\/wp-content\/uploads\/2025\/07\/031_C-scaled.webp?resize=2048%2C1448 2048w, https:\/\/i0.wp.com\/www.coray-vallat.ch\/wp-content\/uploads\/2025\/07\/031_C-scaled.webp?w=1600 1600w, https:\/\/i0.wp.com\/www.coray-vallat.ch\/wp-content\/uploads\/2025\/07\/031_C-scaled.webp?w=2400 2400w\" sizes=\"(max-width: 800px) 100vw, 800px\" \/><\/a>\n\t\t\t<\/div>\n\t\t\t\t<figcaption class='wp-caption-text gallery-caption' id='gallery-1-2316'>\n\t\t\t\t031 C scaled\n\t\t\t\t<\/figcaption><\/figure>\n\t\t<\/div>\n\t\t<\/div>\n\t\t\t\t\t\t<\/div>\n\t\t\t\t<\/div>\n\t\t\t\t<div class=\"elementor-element elementor-element-40d7bee wpr-stt-btn-align-inline elementor-widget elementor-widget-wpr-back-to-top\" data-id=\"40d7bee\" data-element_type=\"widget\" data-e-type=\"widget\" data-widget_type=\"wpr-back-to-top.default\">\n\t\t\t\t<div class=\"elementor-widget-container\">\n\t\t\t\t\t<div class=\"wpr-stt-wrapper\"><div class='wpr-stt-btn' data-settings='{&quot;animation&quot;:&quot;fade&quot;,&quot;animationOffset&quot;:&quot;0&quot;,&quot;animationDuration&quot;:&quot;200&quot;,&quot;fixed&quot;:&quot;inline&quot;,&quot;scrolAnim&quot;:&quot;800&quot;}'><span class=\"wpr-stt-icon\"><svg class=\"e-font-icon-svg e-fas-chevron-up\" viewbox=\"0 0 448 512\" xmlns=\"http:\/\/www.w3.org\/2000\/svg\"><path d=\"M240.971 130.524l194.343 194.343c9.373 9.373 9.373 24.569 0 33.941l-22.667 22.667c-9.357 9.357-24.522 9.375-33.901.04L224 227.495 69.255 381.516c-9.379 9.335-24.544 9.317-33.901-.04l-22.667-22.667c-9.373-9.373-9.373-24.569 0-33.941L207.03 130.525c9.372-9.373 24.568-9.373 33.941-.001z\"><\/path><\/svg><\/span><\/div><\/div>\t\t\t\t<\/div>\n\t\t\t\t<\/div>\n\t\t\t\t<\/div>\n\t\t\t\t\t<\/div>\n\t\t\t\t<\/div>\n\t\t\t\t<\/div>","protected":false},"excerpt":{"rendered":"<p>Blanchettes Lutry (Vaud) 2025 Ma\u00eetre d&rsquo;ouvrage : Priv\u00e9 Programme : Logement Surface de r\u00e9f\u00e9rence \u00e9nerg\u00e9tique : &#8211; Volume SIA : &#8211; Co\u00fbt CFC 1-5 : 0.3 mio Situ\u00e9 au rez inf\u00e9rieur d\u2019un immeuble de trois niveaux construit dans les ann\u00e9es 2000, cet appartement en PPE a \u00e9t\u00e9 enti\u00e8rement repens\u00e9 pour r\u00e9pondre aux besoins d\u2019une famille d\u2019aujourd\u2019hui. Il b\u00e9n\u00e9ficie d\u2019un acc\u00e8s direct au jardin et d\u2019une vue tout simplement magique sur le lac L\u00e9man, offrant un cadre de vie exceptionnel entre calme et panorama. La pi\u00e8ce de vie a \u00e9t\u00e9 agrandie en supprimant le couloir d\u2019entr\u00e9e, ce qui a permis de reculer la cuisine et de cr\u00e9er un grand espace s\u00e9jour-cuisine, ouvert, lumineux et convivial. La porte d\u2019entr\u00e9e a \u00e9t\u00e9 d\u00e9plac\u00e9e en fa\u00e7ade, supprimant ainsi le sas couvert qui empi\u00e9tait sur la surface int\u00e9rieure. Les chambres et les salles de bain ont \u00e9galement \u00e9t\u00e9 r\u00e9nov\u00e9es avec soin, dans un esprit \u00e0 la fois contemporain et chaleureux. L\u2019ensemble des am\u00e9nagements a \u00e9t\u00e9 pens\u00e9 pour offrir confort, fonctionnalit\u00e9 et qualit\u00e9 de vie au quotidien. Cr\u00e9dit graphiques Photos : Coray Vallat architectes Plans: Coray Vallat architectes Img. synth\u00e8se: Coray Vallat architectes http:\/\/www.coray-vallat.ch\/wp-content\/uploads\/2025\/08\/PXL_20250718_091733702.mp4 &nbsp;<\/p>","protected":false},"author":1,"featured_media":0,"parent":0,"menu_order":0,"comment_status":"closed","ping_status":"closed","template":"","meta":{"footnotes":""},"class_list":["post-2305","page","type-page","status-publish","hentry"],"_links":{"self":[{"href":"http:\/\/www.coray-vallat.ch\/de\/wp-json\/wp\/v2\/pages\/2305","targetHints":{"allow":["GET"]}}],"collection":[{"href":"http:\/\/www.coray-vallat.ch\/de\/wp-json\/wp\/v2\/pages"}],"about":[{"href":"http:\/\/www.coray-vallat.ch\/de\/wp-json\/wp\/v2\/types\/page"}],"author":[{"embeddable":true,"href":"http:\/\/www.coray-vallat.ch\/de\/wp-json\/wp\/v2\/users\/1"}],"replies":[{"embeddable":true,"href":"http:\/\/www.coray-vallat.ch\/de\/wp-json\/wp\/v2\/comments?post=2305"}],"version-history":[{"count":43,"href":"http:\/\/www.coray-vallat.ch\/de\/wp-json\/wp\/v2\/pages\/2305\/revisions"}],"predecessor-version":[{"id":4194,"href":"http:\/\/www.coray-vallat.ch\/de\/wp-json\/wp\/v2\/pages\/2305\/revisions\/4194"}],"wp:attachment":[{"href":"http:\/\/www.coray-vallat.ch\/de\/wp-json\/wp\/v2\/media?parent=2305"}],"curies":[{"name":"wp","href":"https:\/\/api.w.org\/{rel}","templated":true}]}}