{"id":2255,"date":"2025-07-20T21:42:10","date_gmt":"2025-07-20T21:42:10","guid":{"rendered":"https:\/\/www.coray-vallat.ch\/?page_id=2255"},"modified":"2026-02-05T07:56:45","modified_gmt":"2026-02-05T07:56:45","slug":"cercle-scolaire-du-creugnat-2","status":"publish","type":"page","link":"http:\/\/www.coray-vallat.ch\/de\/schulkreis-creugnat-2\/","title":{"rendered":"Schulbezirk Creugnat"},"content":{"rendered":"<div data-elementor-type=\"wp-page\" data-elementor-id=\"2255\" class=\"elementor elementor-2255\" data-elementor-post-type=\"page\">\n\t\t\t\t<div class=\"elementor-element elementor-element-3b2b3c0 e-flex e-con-boxed wpr-particle-no wpr-jarallax-no wpr-parallax-no wpr-sticky-section-no e-con e-parent\" data-id=\"3b2b3c0\" data-element_type=\"container\" data-e-type=\"container\">\n\t\t\t\t\t<div class=\"e-con-inner\">\n\t\t<div class=\"elementor-element elementor-element-e2130a3 e-con-full e-flex wpr-particle-no wpr-jarallax-no wpr-parallax-no e-con e-child\" data-id=\"e2130a3\" data-element_type=\"container\" data-e-type=\"container\">\n\t\t<div class=\"elementor-element elementor-element-c2b2d75 e-con-full e-flex wpr-particle-no wpr-jarallax-no wpr-parallax-no e-con e-child\" data-id=\"c2b2d75\" data-element_type=\"container\" data-e-type=\"container\" id=\"sectionOne\">\n\t\t\t\t<div class=\"elementor-element elementor-element-aa36131 elementor-widget elementor-widget-heading\" data-id=\"aa36131\" data-element_type=\"widget\" data-e-type=\"widget\" data-widget_type=\"heading.default\">\n\t\t\t\t<div class=\"elementor-widget-container\">\n\t\t\t\t\t<h1 class=\"elementor-heading-title elementor-size-default\">Schulbezirk Creugnat\n<\/h1>\t\t\t\t<\/div>\n\t\t\t\t<\/div>\n\t\t\t\t<div class=\"elementor-element elementor-element-7b6035f elementor-widget elementor-widget-heading\" data-id=\"7b6035f\" data-element_type=\"widget\" data-e-type=\"widget\" data-widget_type=\"heading.default\">\n\t\t\t\t<div class=\"elementor-widget-container\">\n\t\t\t\t\t<h2 class=\"elementor-heading-title elementor-size-default\">Bure (Jura) <br>\n2020 - 2023\n<\/h2>\t\t\t\t<\/div>\n\t\t\t\t<\/div>\n\t\t\t\t<div class=\"elementor-element elementor-element-18c98bd elementor-widget elementor-widget-text-editor\" data-id=\"18c98bd\" data-element_type=\"widget\" data-e-type=\"widget\" data-widget_type=\"text-editor.default\">\n\t\t\t\t<div class=\"elementor-widget-container\">\n\t\t\t\t\t\t\t\t\t<p><strong>Bauherr<\/strong> Gemeinde Bure<br \/><strong>Programm<\/strong> Infrastruktur<br \/><strong>Energiebezugsfl\u00e4che<\/strong> :-<\/p><p><strong>SIA-Volumen<\/strong> : &#8211;<br \/><strong>Kosten CFC 1-5<\/strong> : 2.05 Mio<\/p>\t\t\t\t\t\t\t\t<\/div>\n\t\t\t\t<\/div>\n\t\t\t\t<div class=\"elementor-element elementor-element-fed3cef elementor-widget elementor-widget-text-editor\" data-id=\"fed3cef\" data-element_type=\"widget\" data-e-type=\"widget\" data-widget_type=\"text-editor.default\">\n\t\t\t\t<div class=\"elementor-widget-container\">\n\t\t\t\t\t\t\t\t\t<p data-start=\"222\" data-end=\"526\">In Bure leitete unser B\u00fcro die energetische Sanierung und den teilweisen Umbau der 1993 erbauten Grundschule. Fast drei\u00dfig Jahre nach seiner Fertigstellung zeigte das Geb\u00e4ude Schwachstellen, insbesondere im Bereich der D\u00e4cher und der Abdichtung, die einen umfassenden Eingriff erforderlich machten.<\/p><p data-start=\"528\" data-end=\"981\">Das Projekt, das in der Gemeindeversammlung genehmigt wurde, erm\u00f6glichte die vollst\u00e4ndige Sanierung der Flach- und Schr\u00e4gd\u00e4cher unter Einbau von Photovoltaikmodulen, die sich perfekt in die Dachdeckung integrieren. Gleichzeitig wurde durch den Anschluss an ein neues Fernw\u00e4rmenetz in der N\u00e4he der Austausch der Heizungsanlage erm\u00f6glicht, wodurch fossile Brennstoffe zugunsten einer erneuerbaren und zentralisierten L\u00f6sung aufgegeben werden konnten.<\/p><p data-start=\"983\" data-end=\"1241\">Alle Klassenzimmer wurden mit einem Doppelstrom-L\u00fcftungssystem mit W\u00e4rmer\u00fcckgewinnung ausgestattet, das einen automatischen, an die Belegung angepassten Luftaustausch gew\u00e4hrleistet und gleichzeitig den thermischen Komfort f\u00fcr die Nutzer deutlich verbessert.<\/p><p data-start=\"1243\" data-end=\"1771\">Die Fenster, Glasd\u00e4cher und anderen Glaselemente wurden vollst\u00e4ndig ersetzt, um die thermische H\u00fclle zu optimieren und den Einfall von Tageslicht zu verbessern. Auch im Innenbereich wurden Umgestaltungen vorgenommen, um die R\u00e4ume zu modernisieren und den Komfort im Alltag zu erh\u00f6hen. All diese gezielten Ma\u00dfnahmen zielen darauf ab, zuk\u00fcnftige Anforderungen zu antizipieren und die Langlebigkeit des Geb\u00e4udes f\u00fcr die kommenden Jahrzehnte zu gew\u00e4hrleisten, wobei der Schwerpunkt eindeutig auf Energieeffizienz und Nachhaltigkeit liegt.<\/p><p><strong>Grafikkredite<\/strong><br \/><strong>Fotos<\/strong> : No\u00e9 Vallat architectes<br \/><strong>Pl\u00e4ne<\/strong>: &#8211;<br \/><strong>Synthetisches Bild<\/strong> No\u00e9 Vallat Architekten<\/p>\t\t\t\t\t\t\t\t<\/div>\n\t\t\t\t<\/div>\n\t\t\t\t<\/div>\n\t\t\t\t<\/div>\n\t\t<div class=\"elementor-element elementor-element-9bd0e75 e-con-full e-flex wpr-particle-no wpr-jarallax-no wpr-parallax-no wpr-sticky-section-no e-con e-child\" data-id=\"9bd0e75\" data-element_type=\"container\" data-e-type=\"container\" id=\"sectionTwo\">\n\t\t\t\t<div class=\"elementor-element elementor-element-588f384 elementor-widget elementor-widget-video\" data-id=\"588f384\" data-element_type=\"widget\" data-e-type=\"widget\" data-settings=\"{&quot;video_type&quot;:&quot;hosted&quot;,&quot;autoplay&quot;:&quot;yes&quot;,&quot;play_on_mobile&quot;:&quot;yes&quot;,&quot;mute&quot;:&quot;yes&quot;,&quot;loop&quot;:&quot;yes&quot;}\" data-widget_type=\"video.default\">\n\t\t\t\t<div class=\"elementor-widget-container\">\n\t\t\t\t\t\t\t<div class=\"e-hosted-video elementor-wrapper elementor-open-inline\">\n\t\t\t\t\t<video class=\"elementor-video\" src=\"http:\/\/www.coray-vallat.ch\/wp-content\/uploads\/2026\/02\/Ecole-primaire-de-Bure.mp4\" autoplay=\"\" loop=\"\" muted=\"muted\" playsinline=\"\" controlslist=\"nodownload\"><\/video>\n\t\t\t\t<\/div>\n\t\t\t\t\t\t<\/div>\n\t\t\t\t<\/div>\n\t\t\t\t<div class=\"elementor-element elementor-element-080facf gallery-spacing-custom elementor-widget elementor-widget-image-gallery\" data-id=\"080facf\" data-element_type=\"widget\" data-e-type=\"widget\" data-widget_type=\"image-gallery.default\">\n\t\t\t\t<div class=\"elementor-widget-container\">\n\t\t\t\t\t\t\t<div class=\"elementor-image-gallery\">\n\t\t\t<div id='gallery-1' class='gallery galleryid-2255 gallery-columns-1 gallery-size-full'><figure class='gallery-item'>\n\t\t\t<div class='gallery-icon landscape'>\n\t\t\t\t<a data-elementor-open-lightbox=\"yes\" data-elementor-lightbox-slideshow=\"080facf\" data-elementor-lightbox-title=\"008 3\" data-elementor-lightbox-description=\"008 3\" data-e-action-hash=\"#elementor-action%3Aaction%3Dlightbox%26settings%3DeyJpZCI6MjI2NSwidXJsIjoiaHR0cDpcL1wvd3d3LmNvcmF5LXZhbGxhdC5jaFwvd3AtY29udGVudFwvdXBsb2Fkc1wvMjAyNVwvMDdcLzAwOF8zLndlYnAiLCJzbGlkZXNob3ciOiIwODBmYWNmIn0%3D\" title=\"008 3\"  href=\"https:\/\/i0.wp.com\/www.coray-vallat.ch\/wp-content\/uploads\/2025\/07\/008_3.webp\"><img fetchpriority=\"high\" decoding=\"async\" width=\"2500\" height=\"1407\" src=\"https:\/\/i0.wp.com\/www.coray-vallat.ch\/wp-content\/uploads\/2025\/07\/008_3.webp?fit=2500%2C1407\" class=\"attachment-full size-full\" alt=\"008 3\" aria-describedby=\"gallery-1-2265\" srcset=\"https:\/\/i0.wp.com\/www.coray-vallat.ch\/wp-content\/uploads\/2025\/07\/008_3.webp?w=2500 2500w, https:\/\/i0.wp.com\/www.coray-vallat.ch\/wp-content\/uploads\/2025\/07\/008_3.webp?resize=300%2C169 300w, https:\/\/i0.wp.com\/www.coray-vallat.ch\/wp-content\/uploads\/2025\/07\/008_3.webp?resize=1024%2C576 1024w, https:\/\/i0.wp.com\/www.coray-vallat.ch\/wp-content\/uploads\/2025\/07\/008_3.webp?resize=768%2C432 768w, https:\/\/i0.wp.com\/www.coray-vallat.ch\/wp-content\/uploads\/2025\/07\/008_3.webp?resize=1536%2C864 1536w, https:\/\/i0.wp.com\/www.coray-vallat.ch\/wp-content\/uploads\/2025\/07\/008_3.webp?resize=2048%2C1153 2048w, https:\/\/i0.wp.com\/www.coray-vallat.ch\/wp-content\/uploads\/2025\/07\/008_3.webp?w=1600 1600w, https:\/\/i0.wp.com\/www.coray-vallat.ch\/wp-content\/uploads\/2025\/07\/008_3.webp?w=2400 2400w\" sizes=\"(max-width: 800px) 100vw, 800px\" \/><\/a>\n\t\t\t<\/div>\n\t\t\t\t<figcaption class='wp-caption-text gallery-caption' id='gallery-1-2265'>\n\t\t\t\t008 3\n\t\t\t\t<\/figcaption><\/figure><figure class='gallery-item'>\n\t\t\t<div class='gallery-icon landscape'>\n\t\t\t\t<a data-elementor-open-lightbox=\"yes\" data-elementor-lightbox-slideshow=\"080facf\" data-elementor-lightbox-title=\"008 5\" data-elementor-lightbox-description=\"008 5\" data-e-action-hash=\"#elementor-action%3Aaction%3Dlightbox%26settings%3DeyJpZCI6MjI2NiwidXJsIjoiaHR0cDpcL1wvd3d3LmNvcmF5LXZhbGxhdC5jaFwvd3AtY29udGVudFwvdXBsb2Fkc1wvMjAyNVwvMDdcLzAwOF81LndlYnAiLCJzbGlkZXNob3ciOiIwODBmYWNmIn0%3D\" title=\"008 5\"  href=\"https:\/\/i0.wp.com\/www.coray-vallat.ch\/wp-content\/uploads\/2025\/07\/008_5.webp\"><img decoding=\"async\" width=\"2500\" height=\"1666\" src=\"https:\/\/i0.wp.com\/www.coray-vallat.ch\/wp-content\/uploads\/2025\/07\/008_5.webp?fit=2500%2C1666\" class=\"attachment-full size-full\" alt=\"008 5\" aria-describedby=\"gallery-1-2266\" srcset=\"https:\/\/i0.wp.com\/www.coray-vallat.ch\/wp-content\/uploads\/2025\/07\/008_5.webp?w=2500 2500w, https:\/\/i0.wp.com\/www.coray-vallat.ch\/wp-content\/uploads\/2025\/07\/008_5.webp?resize=300%2C200 300w, https:\/\/i0.wp.com\/www.coray-vallat.ch\/wp-content\/uploads\/2025\/07\/008_5.webp?resize=1024%2C682 1024w, https:\/\/i0.wp.com\/www.coray-vallat.ch\/wp-content\/uploads\/2025\/07\/008_5.webp?resize=768%2C512 768w, https:\/\/i0.wp.com\/www.coray-vallat.ch\/wp-content\/uploads\/2025\/07\/008_5.webp?resize=1536%2C1024 1536w, https:\/\/i0.wp.com\/www.coray-vallat.ch\/wp-content\/uploads\/2025\/07\/008_5.webp?resize=2048%2C1365 2048w, https:\/\/i0.wp.com\/www.coray-vallat.ch\/wp-content\/uploads\/2025\/07\/008_5.webp?w=1600 1600w, https:\/\/i0.wp.com\/www.coray-vallat.ch\/wp-content\/uploads\/2025\/07\/008_5.webp?w=2400 2400w\" sizes=\"(max-width: 800px) 100vw, 800px\" \/><\/a>\n\t\t\t<\/div>\n\t\t\t\t<figcaption class='wp-caption-text gallery-caption' id='gallery-1-2266'>\n\t\t\t\t008 5\n\t\t\t\t<\/figcaption><\/figure><figure class='gallery-item'>\n\t\t\t<div class='gallery-icon landscape'>\n\t\t\t\t<a data-elementor-open-lightbox=\"yes\" data-elementor-lightbox-slideshow=\"080facf\" data-elementor-lightbox-title=\"008 10\" data-elementor-lightbox-description=\"008 10\" data-e-action-hash=\"#elementor-action%3Aaction%3Dlightbox%26settings%3DeyJpZCI6MjI3MSwidXJsIjoiaHR0cDpcL1wvd3d3LmNvcmF5LXZhbGxhdC5jaFwvd3AtY29udGVudFwvdXBsb2Fkc1wvMjAyNVwvMDdcLzAwOF8xMC53ZWJwIiwic2xpZGVzaG93IjoiMDgwZmFjZiJ9\" title=\"008 10\"  href=\"https:\/\/i0.wp.com\/www.coray-vallat.ch\/wp-content\/uploads\/2025\/07\/008_10.webp\"><img decoding=\"async\" width=\"2500\" height=\"1406\" src=\"https:\/\/i0.wp.com\/www.coray-vallat.ch\/wp-content\/uploads\/2025\/07\/008_10.webp?fit=2500%2C1406\" class=\"attachment-full size-full\" alt=\"008 10\" aria-describedby=\"gallery-1-2271\" srcset=\"https:\/\/i0.wp.com\/www.coray-vallat.ch\/wp-content\/uploads\/2025\/07\/008_10.webp?w=2500 2500w, https:\/\/i0.wp.com\/www.coray-vallat.ch\/wp-content\/uploads\/2025\/07\/008_10.webp?resize=300%2C169 300w, https:\/\/i0.wp.com\/www.coray-vallat.ch\/wp-content\/uploads\/2025\/07\/008_10.webp?resize=1024%2C576 1024w, https:\/\/i0.wp.com\/www.coray-vallat.ch\/wp-content\/uploads\/2025\/07\/008_10.webp?resize=768%2C432 768w, https:\/\/i0.wp.com\/www.coray-vallat.ch\/wp-content\/uploads\/2025\/07\/008_10.webp?resize=1536%2C864 1536w, https:\/\/i0.wp.com\/www.coray-vallat.ch\/wp-content\/uploads\/2025\/07\/008_10.webp?resize=2048%2C1152 2048w, https:\/\/i0.wp.com\/www.coray-vallat.ch\/wp-content\/uploads\/2025\/07\/008_10.webp?w=1600 1600w, https:\/\/i0.wp.com\/www.coray-vallat.ch\/wp-content\/uploads\/2025\/07\/008_10.webp?w=2400 2400w\" sizes=\"(max-width: 800px) 100vw, 800px\" \/><\/a>\n\t\t\t<\/div>\n\t\t\t\t<figcaption class='wp-caption-text gallery-caption' id='gallery-1-2271'>\n\t\t\t\t008 10\n\t\t\t\t<\/figcaption><\/figure><figure class='gallery-item'>\n\t\t\t<div class='gallery-icon portrait'>\n\t\t\t\t<a data-elementor-open-lightbox=\"yes\" data-elementor-lightbox-slideshow=\"080facf\" data-elementor-lightbox-title=\"008 8\" data-elementor-lightbox-description=\"008 8\" data-e-action-hash=\"#elementor-action%3Aaction%3Dlightbox%26settings%3DeyJpZCI6MjI2OSwidXJsIjoiaHR0cDpcL1wvd3d3LmNvcmF5LXZhbGxhdC5jaFwvd3AtY29udGVudFwvdXBsb2Fkc1wvMjAyNVwvMDdcLzAwOF84LndlYnAiLCJzbGlkZXNob3ciOiIwODBmYWNmIn0%3D\" title=\"008 8\"  href=\"https:\/\/i0.wp.com\/www.coray-vallat.ch\/wp-content\/uploads\/2025\/07\/008_8.webp\"><img loading=\"lazy\" decoding=\"async\" width=\"1406\" height=\"2500\" src=\"https:\/\/i0.wp.com\/www.coray-vallat.ch\/wp-content\/uploads\/2025\/07\/008_8.webp?fit=1406%2C2500\" class=\"attachment-full size-full\" alt=\"008 8\" aria-describedby=\"gallery-1-2269\" srcset=\"https:\/\/i0.wp.com\/www.coray-vallat.ch\/wp-content\/uploads\/2025\/07\/008_8.webp?w=1406 1406w, https:\/\/i0.wp.com\/www.coray-vallat.ch\/wp-content\/uploads\/2025\/07\/008_8.webp?resize=169%2C300 169w, https:\/\/i0.wp.com\/www.coray-vallat.ch\/wp-content\/uploads\/2025\/07\/008_8.webp?resize=576%2C1024 576w, https:\/\/i0.wp.com\/www.coray-vallat.ch\/wp-content\/uploads\/2025\/07\/008_8.webp?resize=768%2C1366 768w, https:\/\/i0.wp.com\/www.coray-vallat.ch\/wp-content\/uploads\/2025\/07\/008_8.webp?resize=864%2C1536 864w, https:\/\/i0.wp.com\/www.coray-vallat.ch\/wp-content\/uploads\/2025\/07\/008_8.webp?resize=1152%2C2048 1152w\" sizes=\"(max-width: 800px) 100vw, 800px\" \/><\/a>\n\t\t\t<\/div>\n\t\t\t\t<figcaption class='wp-caption-text gallery-caption' id='gallery-1-2269'>\n\t\t\t\t008 8\n\t\t\t\t<\/figcaption><\/figure><figure class='gallery-item'>\n\t\t\t<div class='gallery-icon portrait'>\n\t\t\t\t<a data-elementor-open-lightbox=\"yes\" data-elementor-lightbox-slideshow=\"080facf\" data-elementor-lightbox-title=\"008 9\" data-elementor-lightbox-description=\"008 9\" data-e-action-hash=\"#elementor-action%3Aaction%3Dlightbox%26settings%3DeyJpZCI6MjI3MCwidXJsIjoiaHR0cDpcL1wvd3d3LmNvcmF5LXZhbGxhdC5jaFwvd3AtY29udGVudFwvdXBsb2Fkc1wvMjAyNVwvMDdcLzAwOF85LndlYnAiLCJzbGlkZXNob3ciOiIwODBmYWNmIn0%3D\" title=\"008 9\"  href=\"https:\/\/i0.wp.com\/www.coray-vallat.ch\/wp-content\/uploads\/2025\/07\/008_9.webp\"><img loading=\"lazy\" decoding=\"async\" width=\"1406\" height=\"2500\" src=\"https:\/\/i0.wp.com\/www.coray-vallat.ch\/wp-content\/uploads\/2025\/07\/008_9.webp?fit=1406%2C2500\" class=\"attachment-full size-full\" alt=\"008 9\" aria-describedby=\"gallery-1-2270\" srcset=\"https:\/\/i0.wp.com\/www.coray-vallat.ch\/wp-content\/uploads\/2025\/07\/008_9.webp?w=1406 1406w, https:\/\/i0.wp.com\/www.coray-vallat.ch\/wp-content\/uploads\/2025\/07\/008_9.webp?resize=169%2C300 169w, https:\/\/i0.wp.com\/www.coray-vallat.ch\/wp-content\/uploads\/2025\/07\/008_9.webp?resize=576%2C1024 576w, https:\/\/i0.wp.com\/www.coray-vallat.ch\/wp-content\/uploads\/2025\/07\/008_9.webp?resize=768%2C1366 768w, https:\/\/i0.wp.com\/www.coray-vallat.ch\/wp-content\/uploads\/2025\/07\/008_9.webp?resize=864%2C1536 864w, https:\/\/i0.wp.com\/www.coray-vallat.ch\/wp-content\/uploads\/2025\/07\/008_9.webp?resize=1152%2C2048 1152w\" sizes=\"(max-width: 800px) 100vw, 800px\" \/><\/a>\n\t\t\t<\/div>\n\t\t\t\t<figcaption class='wp-caption-text gallery-caption' id='gallery-1-2270'>\n\t\t\t\t008 9\n\t\t\t\t<\/figcaption><\/figure><figure class='gallery-item'>\n\t\t\t<div class='gallery-icon landscape'>\n\t\t\t\t<a data-elementor-open-lightbox=\"yes\" data-elementor-lightbox-slideshow=\"080facf\" data-elementor-lightbox-title=\"008 7\" data-elementor-lightbox-description=\"008 7\" data-e-action-hash=\"#elementor-action%3Aaction%3Dlightbox%26settings%3DeyJpZCI6MjI2OCwidXJsIjoiaHR0cDpcL1wvd3d3LmNvcmF5LXZhbGxhdC5jaFwvd3AtY29udGVudFwvdXBsb2Fkc1wvMjAyNVwvMDdcLzAwOF83LndlYnAiLCJzbGlkZXNob3ciOiIwODBmYWNmIn0%3D\" title=\"008 7\"  href=\"https:\/\/i0.wp.com\/www.coray-vallat.ch\/wp-content\/uploads\/2025\/07\/008_7.webp\"><img loading=\"lazy\" decoding=\"async\" width=\"2500\" height=\"1406\" src=\"https:\/\/i0.wp.com\/www.coray-vallat.ch\/wp-content\/uploads\/2025\/07\/008_7.webp?fit=2500%2C1406\" class=\"attachment-full size-full\" alt=\"008 7\" aria-describedby=\"gallery-1-2268\" srcset=\"https:\/\/i0.wp.com\/www.coray-vallat.ch\/wp-content\/uploads\/2025\/07\/008_7.webp?w=2500 2500w, https:\/\/i0.wp.com\/www.coray-vallat.ch\/wp-content\/uploads\/2025\/07\/008_7.webp?resize=300%2C169 300w, https:\/\/i0.wp.com\/www.coray-vallat.ch\/wp-content\/uploads\/2025\/07\/008_7.webp?resize=1024%2C576 1024w, https:\/\/i0.wp.com\/www.coray-vallat.ch\/wp-content\/uploads\/2025\/07\/008_7.webp?resize=768%2C432 768w, https:\/\/i0.wp.com\/www.coray-vallat.ch\/wp-content\/uploads\/2025\/07\/008_7.webp?resize=1536%2C864 1536w, https:\/\/i0.wp.com\/www.coray-vallat.ch\/wp-content\/uploads\/2025\/07\/008_7.webp?resize=2048%2C1152 2048w, https:\/\/i0.wp.com\/www.coray-vallat.ch\/wp-content\/uploads\/2025\/07\/008_7.webp?w=1600 1600w, https:\/\/i0.wp.com\/www.coray-vallat.ch\/wp-content\/uploads\/2025\/07\/008_7.webp?w=2400 2400w\" sizes=\"(max-width: 800px) 100vw, 800px\" \/><\/a>\n\t\t\t<\/div>\n\t\t\t\t<figcaption class='wp-caption-text gallery-caption' id='gallery-1-2268'>\n\t\t\t\t008 7\n\t\t\t\t<\/figcaption><\/figure>\n\t\t<\/div>\n\t\t<\/div>\n\t\t\t\t\t\t<\/div>\n\t\t\t\t<\/div>\n\t\t\t\t<div class=\"elementor-element elementor-element-67696e4 wpr-stt-btn-align-inline elementor-widget elementor-widget-wpr-back-to-top\" data-id=\"67696e4\" data-element_type=\"widget\" data-e-type=\"widget\" data-widget_type=\"wpr-back-to-top.default\">\n\t\t\t\t<div class=\"elementor-widget-container\">\n\t\t\t\t\t<div class=\"wpr-stt-wrapper\"><div class='wpr-stt-btn' data-settings='{&quot;animation&quot;:&quot;fade&quot;,&quot;animationOffset&quot;:&quot;0&quot;,&quot;animationDuration&quot;:&quot;200&quot;,&quot;fixed&quot;:&quot;inline&quot;,&quot;scrolAnim&quot;:&quot;800&quot;}'><span class=\"wpr-stt-icon\"><svg class=\"e-font-icon-svg e-fas-chevron-up\" viewbox=\"0 0 448 512\" xmlns=\"http:\/\/www.w3.org\/2000\/svg\"><path d=\"M240.971 130.524l194.343 194.343c9.373 9.373 9.373 24.569 0 33.941l-22.667 22.667c-9.357 9.357-24.522 9.375-33.901.04L224 227.495 69.255 381.516c-9.379 9.335-24.544 9.317-33.901-.04l-22.667-22.667c-9.373-9.373-9.373-24.569 0-33.941L207.03 130.525c9.372-9.373 24.568-9.373 33.941-.001z\"><\/path><\/svg><\/span><\/div><\/div>\t\t\t\t<\/div>\n\t\t\t\t<\/div>\n\t\t\t\t<\/div>\n\t\t\t\t\t<\/div>\n\t\t\t\t<\/div>\n\t\t\t\t<\/div>","protected":false},"excerpt":{"rendered":"<p>Cercle scolaire du Creugnat Bure (Jura) 2020 &#8211; 2023 Ma\u00eetre d\u2019ouvrage : Commune de BureProgramme : InfrastructureSurface de r\u00e9f\u00e9rence \u00e9nerg\u00e9tique :- Volume SIA : &#8211;Co\u00fbt CFC 1-5 : 2.05 Mio \u00c0 Bure, notre bureau a pilot\u00e9 la r\u00e9novation \u00e9nerg\u00e9tique et la transformation partielle de l\u2019\u00e9cole primaire construite en 1993. Pr\u00e8s de trente ans apr\u00e8s sa r\u00e9alisation, le b\u00e2timent montrait des signes de faiblesse, notamment au niveau des toitures et de l\u2019\u00e9tanch\u00e9it\u00e9, n\u00e9cessitant une intervention globale. Le projet, valid\u00e9 en assembl\u00e9e communale, a permis la r\u00e9fection compl\u00e8te des toitures plates et inclin\u00e9es, avec l\u2019int\u00e9gration de panneaux photovolta\u00efques parfaitement int\u00e9gr\u00e9s \u00e0 la couverture. Parall\u00e8lement, le remplacement du syst\u00e8me de chauffage a \u00e9t\u00e9 rendu possible gr\u00e2ce au raccordement \u00e0 un nouveau r\u00e9seau de chauffage \u00e0 distance implant\u00e9 \u00e0 proximit\u00e9, permettant l\u2019abandon des \u00e9nergies fossiles au profit d\u2019une solution renouvelable et centralis\u00e9e. L\u2019ensemble des salles de classe a \u00e9t\u00e9 \u00e9quip\u00e9 d\u2019un syst\u00e8me de ventilation double flux avec r\u00e9cup\u00e9ration de chaleur, garantissant un renouvellement d\u2019air automatique, adapt\u00e9 \u00e0 l\u2019occupation, tout en am\u00e9liorant significativement le confort thermique des usagers. Les fen\u00eatres, verri\u00e8res et autres \u00e9l\u00e9ments vitr\u00e9s ont \u00e9t\u00e9 int\u00e9gralement remplac\u00e9s afin d\u2019optimiser l\u2019enveloppe thermique et d\u2019am\u00e9liorer l\u2019apport en lumi\u00e8re naturelle. Des am\u00e9nagements int\u00e9rieurs ont \u00e9galement \u00e9t\u00e9 r\u00e9alis\u00e9s pour moderniser les espaces et renforcer le confort d\u2019utilisation au quotidien. L\u2019ensemble de ces interventions cibl\u00e9es vise \u00e0 anticiper les besoins futurs et \u00e0 garantir la p\u00e9rennit\u00e9 du b\u00e2timent pour les d\u00e9cennies \u00e0 venir, dans une d\u00e9marche r\u00e9solument tourn\u00e9e vers la sobri\u00e9t\u00e9 \u00e9nerg\u00e9tique et la durabilit\u00e9. Cr\u00e9dit graphiquesPhotos : No\u00e9 Vallat architectesPlans: &#8211;Img. synth\u00e8se: No\u00e9 Vallat architectes http:\/\/www.coray-vallat.ch\/wp-content\/uploads\/2026\/02\/Ecole-primaire-de-Bure.mp4 008 3 008 5 008 10 008 8 008 9 008 7<\/p>","protected":false},"author":1,"featured_media":0,"parent":0,"menu_order":0,"comment_status":"closed","ping_status":"closed","template":"","meta":{"footnotes":""},"class_list":["post-2255","page","type-page","status-publish","hentry"],"_links":{"self":[{"href":"http:\/\/www.coray-vallat.ch\/de\/wp-json\/wp\/v2\/pages\/2255","targetHints":{"allow":["GET"]}}],"collection":[{"href":"http:\/\/www.coray-vallat.ch\/de\/wp-json\/wp\/v2\/pages"}],"about":[{"href":"http:\/\/www.coray-vallat.ch\/de\/wp-json\/wp\/v2\/types\/page"}],"author":[{"embeddable":true,"href":"http:\/\/www.coray-vallat.ch\/de\/wp-json\/wp\/v2\/users\/1"}],"replies":[{"embeddable":true,"href":"http:\/\/www.coray-vallat.ch\/de\/wp-json\/wp\/v2\/comments?post=2255"}],"version-history":[{"count":34,"href":"http:\/\/www.coray-vallat.ch\/de\/wp-json\/wp\/v2\/pages\/2255\/revisions"}],"predecessor-version":[{"id":4628,"href":"http:\/\/www.coray-vallat.ch\/de\/wp-json\/wp\/v2\/pages\/2255\/revisions\/4628"}],"wp:attachment":[{"href":"http:\/\/www.coray-vallat.ch\/de\/wp-json\/wp\/v2\/media?parent=2255"}],"curies":[{"name":"wp","href":"https:\/\/api.w.org\/{rel}","templated":true}]}}