{"id":2241,"date":"2025-07-20T21:27:22","date_gmt":"2025-07-20T21:27:22","guid":{"rendered":"https:\/\/www.coray-vallat.ch\/?page_id=2241"},"modified":"2026-03-22T18:35:18","modified_gmt":"2026-03-22T18:35:18","slug":"batiment-communal-et-ecole-primaire","status":"publish","type":"page","link":"http:\/\/www.coray-vallat.ch\/de\/gemeindegebaude-und-grundschule\/","title":{"rendered":"Gemeindehaus und Grundschule"},"content":{"rendered":"<div data-elementor-type=\"wp-page\" data-elementor-id=\"2241\" class=\"elementor elementor-2241\" data-elementor-post-type=\"page\">\n\t\t\t\t<div class=\"elementor-element elementor-element-3b2b3c0 e-flex e-con-boxed wpr-particle-no wpr-jarallax-no wpr-parallax-no wpr-sticky-section-no e-con e-parent\" data-id=\"3b2b3c0\" data-element_type=\"container\" data-e-type=\"container\">\n\t\t\t\t\t<div class=\"e-con-inner\">\n\t\t<div class=\"elementor-element elementor-element-e2130a3 e-con-full e-flex wpr-particle-no wpr-jarallax-no wpr-parallax-no e-con e-child\" data-id=\"e2130a3\" data-element_type=\"container\" data-e-type=\"container\">\n\t\t<div class=\"elementor-element elementor-element-c2b2d75 e-con-full e-flex wpr-particle-no wpr-jarallax-no wpr-parallax-no e-con e-child\" data-id=\"c2b2d75\" data-element_type=\"container\" data-e-type=\"container\" id=\"sectionOne\">\n\t\t\t\t<div class=\"elementor-element elementor-element-aa36131 elementor-widget elementor-widget-heading\" data-id=\"aa36131\" data-element_type=\"widget\" data-e-type=\"widget\" data-widget_type=\"heading.default\">\n\t\t\t\t<div class=\"elementor-widget-container\">\n\t\t\t\t\t<h1 class=\"elementor-heading-title elementor-size-default\">Gemeindehaus und Grundschule\n<\/h1>\t\t\t\t<\/div>\n\t\t\t\t<\/div>\n\t\t\t\t<div class=\"elementor-element elementor-element-7b6035f elementor-widget elementor-widget-heading\" data-id=\"7b6035f\" data-element_type=\"widget\" data-e-type=\"widget\" data-widget_type=\"heading.default\">\n\t\t\t\t<div class=\"elementor-widget-container\">\n\t\t\t\t\t<h2 class=\"elementor-heading-title elementor-size-default\">Grandfontaine (Jura) <\/br>\n2024 \u2013 laufend\n<\/h2>\t\t\t\t<\/div>\n\t\t\t\t<\/div>\n\t\t\t\t<div class=\"elementor-element elementor-element-18c98bd elementor-widget elementor-widget-text-editor\" data-id=\"18c98bd\" data-element_type=\"widget\" data-e-type=\"widget\" data-widget_type=\"text-editor.default\">\n\t\t\t\t<div class=\"elementor-widget-container\">\n\t\t\t\t\t\t\t\t\t<p><strong>Bauherr<\/strong> Gemeinde Grandfontaine<br \/><strong>Programm<\/strong> : &#8211;<br \/><strong>Energiebezugsfl\u00e4che<\/strong> :-<\/p><p><strong>SIA-Volumen<\/strong> : 6000<br \/><strong>Kosten CFC 1-5<\/strong> : &#8211;\u00a0<\/p>\t\t\t\t\t\t\t\t<\/div>\n\t\t\t\t<\/div>\n\t\t\t\t<div class=\"elementor-element elementor-element-fed3cef elementor-widget elementor-widget-text-editor\" data-id=\"fed3cef\" data-element_type=\"widget\" data-e-type=\"widget\" data-widget_type=\"text-editor.default\">\n\t\t\t\t<div class=\"elementor-widget-container\">\n\t\t\t\t\t\t\t\t\t<p>Das Projekt umfasst den Umbau und die energetische Sanierung eines Schul- und Gemeindegeb\u00e4udes aus den 1960er Jahren, das im kantonalen Inventar des Baukulturerbes aufgef\u00fchrt ist.<br \/>Unser Projekt wurde entwickelt, um den aktuellen Herausforderungen der Nachhaltigkeit und der Aufwertung des bestehenden Kulturerbes gerecht zu werden. Es zielt darauf ab, die Energieeffizienz des Geb\u00e4udes zu verbessern und gleichzeitig seine Nutzung neu zu definieren, um den Bed\u00fcrfnissen der Gemeinde besser gerecht zu werden.<\/p><p>Eine gr\u00fcndliche Untersuchung des Geb\u00e4udezustands nach der EPIQR+-Methode erm\u00f6glichte eine genaue Diagnose und die Festlegung der Priorit\u00e4ten f\u00fcr die Ma\u00dfnahmen. Das Projekt sieht eine vollst\u00e4ndige Verbesserung der thermischen H\u00fclle, den Wiederaufbau des Nordanbaus und die Neugestaltung des Innenraums vor.<\/p><p>Durch die Neugestaltung des Innenbereichs k\u00f6nnen die Schulr\u00e4ume, Fachr\u00e4ume, Sanit\u00e4ranlagen und Gemeinschaftsr\u00e4ume neu strukturiert werden, wobei gleichzeitig die symboltr\u00e4chtigen Elemente des Kulturerbes des Standorts hervorgehoben werden, insbesondere das monumentale Fresko, das die Turnhalle schm\u00fcckt.<\/p><p><strong>Grafikkredite<\/strong><br \/><strong>Fotos<\/strong> : Coray Vallat Architekten<br \/><strong>Pl\u00e4ne<\/strong>: Coray Vallat Architekten<br \/><strong>Synthetisches Bild<\/strong> Imagine we create<\/p>\t\t\t\t\t\t\t\t<\/div>\n\t\t\t\t<\/div>\n\t\t\t\t<\/div>\n\t\t\t\t<\/div>\n\t\t<div class=\"elementor-element elementor-element-9bd0e75 e-con-full e-flex wpr-particle-no wpr-jarallax-no wpr-parallax-no wpr-sticky-section-no e-con e-child\" data-id=\"9bd0e75\" data-element_type=\"container\" data-e-type=\"container\" id=\"sectionTwo\">\n\t\t\t\t<div class=\"elementor-element elementor-element-080facf gallery-spacing-custom elementor-widget elementor-widget-image-gallery\" data-id=\"080facf\" data-element_type=\"widget\" data-e-type=\"widget\" data-widget_type=\"image-gallery.default\">\n\t\t\t\t<div class=\"elementor-widget-container\">\n\t\t\t\t\t\t\t<div class=\"elementor-image-gallery\">\n\t\t\t<div id='gallery-1' class='gallery galleryid-2241 gallery-columns-1 gallery-size-full'><figure class='gallery-item'>\n\t\t\t<div class='gallery-icon landscape'>\n\t\t\t\t<a data-elementor-open-lightbox=\"yes\" data-elementor-lightbox-slideshow=\"080facf\" data-elementor-lightbox-title=\"024_B\u00e2timent communal de Grandfontaine_3d\" data-elementor-lightbox-description=\"024_B\u00e2timent communal de Grandfontaine_3d\" data-e-action-hash=\"#elementor-action%3Aaction%3Dlightbox%26settings%3DeyJpZCI6NDYzMywidXJsIjoiaHR0cDpcL1wvd3d3LmNvcmF5LXZhbGxhdC5jaFwvd3AtY29udGVudFwvdXBsb2Fkc1wvMjAyNlwvMDJcLzIwMjUuMTEuMjRfaW1hZ2luZV9Db3JheVZhbGxhdF9HcmFuZGZvbnRhaW5lX05vbi1yZXRvdWNoZWUtMi1zY2FsZWQuanBnIiwic2xpZGVzaG93IjoiMDgwZmFjZiJ9\" title=\"024_B\u00e2timent communal de Grandfontaine_3d\"  href=\"https:\/\/i0.wp.com\/www.coray-vallat.ch\/wp-content\/uploads\/2026\/02\/2025.11.24_imagine_CorayVallat_Grandfontaine_Non-retouchee-2-scaled.jpg\"><img fetchpriority=\"high\" decoding=\"async\" width=\"2560\" height=\"1707\" src=\"https:\/\/i0.wp.com\/www.coray-vallat.ch\/wp-content\/uploads\/2026\/02\/2025.11.24_imagine_CorayVallat_Grandfontaine_Non-retouchee-2-scaled.jpg?fit=2560%2C1707\" class=\"attachment-full size-full\" alt=\"024_B\u00e2timent communal de Grandfontaine_3d\" aria-describedby=\"gallery-1-4633\" srcset=\"https:\/\/i0.wp.com\/www.coray-vallat.ch\/wp-content\/uploads\/2026\/02\/2025.11.24_imagine_CorayVallat_Grandfontaine_Non-retouchee-2-scaled.jpg?w=2560 2560w, https:\/\/i0.wp.com\/www.coray-vallat.ch\/wp-content\/uploads\/2026\/02\/2025.11.24_imagine_CorayVallat_Grandfontaine_Non-retouchee-2-scaled.jpg?resize=300%2C200 300w, https:\/\/i0.wp.com\/www.coray-vallat.ch\/wp-content\/uploads\/2026\/02\/2025.11.24_imagine_CorayVallat_Grandfontaine_Non-retouchee-2-scaled.jpg?resize=1024%2C683 1024w, https:\/\/i0.wp.com\/www.coray-vallat.ch\/wp-content\/uploads\/2026\/02\/2025.11.24_imagine_CorayVallat_Grandfontaine_Non-retouchee-2-scaled.jpg?resize=768%2C512 768w, https:\/\/i0.wp.com\/www.coray-vallat.ch\/wp-content\/uploads\/2026\/02\/2025.11.24_imagine_CorayVallat_Grandfontaine_Non-retouchee-2-scaled.jpg?resize=1536%2C1024 1536w, https:\/\/i0.wp.com\/www.coray-vallat.ch\/wp-content\/uploads\/2026\/02\/2025.11.24_imagine_CorayVallat_Grandfontaine_Non-retouchee-2-scaled.jpg?resize=2048%2C1366 2048w, https:\/\/i0.wp.com\/www.coray-vallat.ch\/wp-content\/uploads\/2026\/02\/2025.11.24_imagine_CorayVallat_Grandfontaine_Non-retouchee-2-scaled.jpg?resize=18%2C12 18w, https:\/\/i0.wp.com\/www.coray-vallat.ch\/wp-content\/uploads\/2026\/02\/2025.11.24_imagine_CorayVallat_Grandfontaine_Non-retouchee-2-scaled.jpg?w=1600 1600w, https:\/\/i0.wp.com\/www.coray-vallat.ch\/wp-content\/uploads\/2026\/02\/2025.11.24_imagine_CorayVallat_Grandfontaine_Non-retouchee-2-scaled.jpg?w=2400 2400w\" sizes=\"(max-width: 800px) 100vw, 800px\" \/><\/a>\n\t\t\t<\/div>\n\t\t\t\t<figcaption class='wp-caption-text gallery-caption' id='gallery-1-4633'>\n\t\t\t\t024_B\u00e2timent communal de Grandfontaine_3d\n\t\t\t\t<\/figcaption><\/figure><figure class='gallery-item'>\n\t\t\t<div class='gallery-icon landscape'>\n\t\t\t\t<a data-elementor-open-lightbox=\"yes\" data-elementor-lightbox-slideshow=\"080facf\" data-elementor-lightbox-title=\"024 1 scaled\" data-elementor-lightbox-description=\"024 1 scaled\" data-e-action-hash=\"#elementor-action%3Aaction%3Dlightbox%26settings%3DeyJpZCI6MjI1MSwidXJsIjoiaHR0cDpcL1wvd3d3LmNvcmF5LXZhbGxhdC5jaFwvd3AtY29udGVudFwvdXBsb2Fkc1wvMjAyNVwvMDdcLzAyNF8xLXNjYWxlZC53ZWJwIiwic2xpZGVzaG93IjoiMDgwZmFjZiJ9\" title=\"024 1 scaled\"  href=\"https:\/\/i0.wp.com\/www.coray-vallat.ch\/wp-content\/uploads\/2025\/07\/024_1-scaled.webp\"><img decoding=\"async\" width=\"2560\" height=\"1709\" src=\"https:\/\/i0.wp.com\/www.coray-vallat.ch\/wp-content\/uploads\/2025\/07\/024_1-scaled.webp?fit=2560%2C1709\" class=\"attachment-full size-full\" alt=\"024 1 scaled\" aria-describedby=\"gallery-1-2251\" srcset=\"https:\/\/i0.wp.com\/www.coray-vallat.ch\/wp-content\/uploads\/2025\/07\/024_1-scaled.webp?w=2560 2560w, https:\/\/i0.wp.com\/www.coray-vallat.ch\/wp-content\/uploads\/2025\/07\/024_1-scaled.webp?resize=300%2C200 300w, https:\/\/i0.wp.com\/www.coray-vallat.ch\/wp-content\/uploads\/2025\/07\/024_1-scaled.webp?resize=1024%2C684 1024w, https:\/\/i0.wp.com\/www.coray-vallat.ch\/wp-content\/uploads\/2025\/07\/024_1-scaled.webp?resize=768%2C513 768w, https:\/\/i0.wp.com\/www.coray-vallat.ch\/wp-content\/uploads\/2025\/07\/024_1-scaled.webp?resize=1536%2C1026 1536w, https:\/\/i0.wp.com\/www.coray-vallat.ch\/wp-content\/uploads\/2025\/07\/024_1-scaled.webp?resize=2048%2C1367 2048w, https:\/\/i0.wp.com\/www.coray-vallat.ch\/wp-content\/uploads\/2025\/07\/024_1-scaled.webp?w=1600 1600w, https:\/\/i0.wp.com\/www.coray-vallat.ch\/wp-content\/uploads\/2025\/07\/024_1-scaled.webp?w=2400 2400w\" sizes=\"(max-width: 800px) 100vw, 800px\" \/><\/a>\n\t\t\t<\/div>\n\t\t\t\t<figcaption class='wp-caption-text gallery-caption' id='gallery-1-2251'>\n\t\t\t\t024 1 scaled\n\t\t\t\t<\/figcaption><\/figure><figure class='gallery-item'>\n\t\t\t<div class='gallery-icon landscape'>\n\t\t\t\t<a data-elementor-open-lightbox=\"yes\" data-elementor-lightbox-slideshow=\"080facf\" data-elementor-lightbox-title=\"024 2 scaled\" data-elementor-lightbox-description=\"024 2 scaled\" data-e-action-hash=\"#elementor-action%3Aaction%3Dlightbox%26settings%3DeyJpZCI6MjI1MCwidXJsIjoiaHR0cDpcL1wvd3d3LmNvcmF5LXZhbGxhdC5jaFwvd3AtY29udGVudFwvdXBsb2Fkc1wvMjAyNVwvMDdcLzAyNF8yLXNjYWxlZC53ZWJwIiwic2xpZGVzaG93IjoiMDgwZmFjZiJ9\" title=\"024 2 scaled\"  href=\"https:\/\/i0.wp.com\/www.coray-vallat.ch\/wp-content\/uploads\/2025\/07\/024_2-scaled.webp\"><img decoding=\"async\" width=\"2560\" height=\"1705\" src=\"https:\/\/i0.wp.com\/www.coray-vallat.ch\/wp-content\/uploads\/2025\/07\/024_2-scaled.webp?fit=2560%2C1705\" class=\"attachment-full size-full\" alt=\"024 2 scaled\" aria-describedby=\"gallery-1-2250\" srcset=\"https:\/\/i0.wp.com\/www.coray-vallat.ch\/wp-content\/uploads\/2025\/07\/024_2-scaled.webp?w=2560 2560w, https:\/\/i0.wp.com\/www.coray-vallat.ch\/wp-content\/uploads\/2025\/07\/024_2-scaled.webp?resize=300%2C200 300w, https:\/\/i0.wp.com\/www.coray-vallat.ch\/wp-content\/uploads\/2025\/07\/024_2-scaled.webp?resize=1024%2C682 1024w, https:\/\/i0.wp.com\/www.coray-vallat.ch\/wp-content\/uploads\/2025\/07\/024_2-scaled.webp?resize=768%2C511 768w, https:\/\/i0.wp.com\/www.coray-vallat.ch\/wp-content\/uploads\/2025\/07\/024_2-scaled.webp?resize=1536%2C1023 1536w, https:\/\/i0.wp.com\/www.coray-vallat.ch\/wp-content\/uploads\/2025\/07\/024_2-scaled.webp?resize=2048%2C1364 2048w, https:\/\/i0.wp.com\/www.coray-vallat.ch\/wp-content\/uploads\/2025\/07\/024_2-scaled.webp?w=1600 1600w, https:\/\/i0.wp.com\/www.coray-vallat.ch\/wp-content\/uploads\/2025\/07\/024_2-scaled.webp?w=2400 2400w\" sizes=\"(max-width: 800px) 100vw, 800px\" \/><\/a>\n\t\t\t<\/div>\n\t\t\t\t<figcaption class='wp-caption-text gallery-caption' id='gallery-1-2250'>\n\t\t\t\t024 2 scaled\n\t\t\t\t<\/figcaption><\/figure><figure class='gallery-item'>\n\t\t\t<div class='gallery-icon landscape'>\n\t\t\t\t<a data-elementor-open-lightbox=\"yes\" data-elementor-lightbox-slideshow=\"080facf\" data-elementor-lightbox-title=\"024 4 scaled\" data-elementor-lightbox-description=\"024 4 scaled\" data-e-action-hash=\"#elementor-action%3Aaction%3Dlightbox%26settings%3DeyJpZCI6MjI0OCwidXJsIjoiaHR0cDpcL1wvd3d3LmNvcmF5LXZhbGxhdC5jaFwvd3AtY29udGVudFwvdXBsb2Fkc1wvMjAyNVwvMDdcLzAyNF80LXNjYWxlZC53ZWJwIiwic2xpZGVzaG93IjoiMDgwZmFjZiJ9\" title=\"024 4 scaled\"  href=\"https:\/\/i0.wp.com\/www.coray-vallat.ch\/wp-content\/uploads\/2025\/07\/024_4-scaled.webp\"><img loading=\"lazy\" decoding=\"async\" width=\"2560\" height=\"1707\" src=\"https:\/\/i0.wp.com\/www.coray-vallat.ch\/wp-content\/uploads\/2025\/07\/024_4-scaled.webp?fit=2560%2C1707\" class=\"attachment-full size-full\" alt=\"024 4 scaled\" aria-describedby=\"gallery-1-2248\" srcset=\"https:\/\/i0.wp.com\/www.coray-vallat.ch\/wp-content\/uploads\/2025\/07\/024_4-scaled.webp?w=2560 2560w, https:\/\/i0.wp.com\/www.coray-vallat.ch\/wp-content\/uploads\/2025\/07\/024_4-scaled.webp?resize=300%2C200 300w, https:\/\/i0.wp.com\/www.coray-vallat.ch\/wp-content\/uploads\/2025\/07\/024_4-scaled.webp?resize=1024%2C683 1024w, https:\/\/i0.wp.com\/www.coray-vallat.ch\/wp-content\/uploads\/2025\/07\/024_4-scaled.webp?resize=768%2C512 768w, https:\/\/i0.wp.com\/www.coray-vallat.ch\/wp-content\/uploads\/2025\/07\/024_4-scaled.webp?resize=1536%2C1024 1536w, https:\/\/i0.wp.com\/www.coray-vallat.ch\/wp-content\/uploads\/2025\/07\/024_4-scaled.webp?resize=2048%2C1365 2048w, https:\/\/i0.wp.com\/www.coray-vallat.ch\/wp-content\/uploads\/2025\/07\/024_4-scaled.webp?w=1600 1600w, https:\/\/i0.wp.com\/www.coray-vallat.ch\/wp-content\/uploads\/2025\/07\/024_4-scaled.webp?w=2400 2400w\" sizes=\"(max-width: 800px) 100vw, 800px\" \/><\/a>\n\t\t\t<\/div>\n\t\t\t\t<figcaption class='wp-caption-text gallery-caption' id='gallery-1-2248'>\n\t\t\t\t024 4 scaled\n\t\t\t\t<\/figcaption><\/figure><figure class='gallery-item'>\n\t\t\t<div class='gallery-icon landscape'>\n\t\t\t\t<a data-elementor-open-lightbox=\"yes\" data-elementor-lightbox-slideshow=\"080facf\" data-elementor-lightbox-title=\"024 3 scaled\" data-elementor-lightbox-description=\"024 3 scaled\" data-e-action-hash=\"#elementor-action%3Aaction%3Dlightbox%26settings%3DeyJpZCI6MjI0OSwidXJsIjoiaHR0cDpcL1wvd3d3LmNvcmF5LXZhbGxhdC5jaFwvd3AtY29udGVudFwvdXBsb2Fkc1wvMjAyNVwvMDdcLzAyNF8zLXNjYWxlZC53ZWJwIiwic2xpZGVzaG93IjoiMDgwZmFjZiJ9\" title=\"024 3 scaled\"  href=\"https:\/\/i0.wp.com\/www.coray-vallat.ch\/wp-content\/uploads\/2025\/07\/024_3-scaled.webp\"><img loading=\"lazy\" decoding=\"async\" width=\"2560\" height=\"1705\" src=\"https:\/\/i0.wp.com\/www.coray-vallat.ch\/wp-content\/uploads\/2025\/07\/024_3-scaled.webp?fit=2560%2C1705\" class=\"attachment-full size-full\" alt=\"024 3 scaled\" aria-describedby=\"gallery-1-2249\" srcset=\"https:\/\/i0.wp.com\/www.coray-vallat.ch\/wp-content\/uploads\/2025\/07\/024_3-scaled.webp?w=2560 2560w, https:\/\/i0.wp.com\/www.coray-vallat.ch\/wp-content\/uploads\/2025\/07\/024_3-scaled.webp?resize=300%2C200 300w, https:\/\/i0.wp.com\/www.coray-vallat.ch\/wp-content\/uploads\/2025\/07\/024_3-scaled.webp?resize=1024%2C682 1024w, https:\/\/i0.wp.com\/www.coray-vallat.ch\/wp-content\/uploads\/2025\/07\/024_3-scaled.webp?resize=768%2C512 768w, https:\/\/i0.wp.com\/www.coray-vallat.ch\/wp-content\/uploads\/2025\/07\/024_3-scaled.webp?resize=1536%2C1023 1536w, https:\/\/i0.wp.com\/www.coray-vallat.ch\/wp-content\/uploads\/2025\/07\/024_3-scaled.webp?resize=2048%2C1364 2048w, https:\/\/i0.wp.com\/www.coray-vallat.ch\/wp-content\/uploads\/2025\/07\/024_3-scaled.webp?w=1600 1600w, https:\/\/i0.wp.com\/www.coray-vallat.ch\/wp-content\/uploads\/2025\/07\/024_3-scaled.webp?w=2400 2400w\" sizes=\"(max-width: 800px) 100vw, 800px\" \/><\/a>\n\t\t\t<\/div>\n\t\t\t\t<figcaption class='wp-caption-text gallery-caption' id='gallery-1-2249'>\n\t\t\t\t024 3 scaled\n\t\t\t\t<\/figcaption><\/figure><figure class='gallery-item'>\n\t\t\t<div class='gallery-icon landscape'>\n\t\t\t\t<a data-elementor-open-lightbox=\"yes\" data-elementor-lightbox-slideshow=\"080facf\" data-elementor-lightbox-title=\"024 Schema avant\" data-elementor-lightbox-description=\"024 Schema avant\" data-e-action-hash=\"#elementor-action%3Aaction%3Dlightbox%26settings%3DeyJpZCI6MjI0NiwidXJsIjoiaHR0cDpcL1wvd3d3LmNvcmF5LXZhbGxhdC5jaFwvd3AtY29udGVudFwvdXBsb2Fkc1wvMjAyNVwvMDdcLzAyNF9TY2hlbWEtYXZhbnQud2VicCIsInNsaWRlc2hvdyI6IjA4MGZhY2YifQ%3D%3D\" title=\"024 Schema vorne\"  href=\"https:\/\/i0.wp.com\/www.coray-vallat.ch\/wp-content\/uploads\/2025\/07\/024_Schema-avant.webp\"><img loading=\"lazy\" decoding=\"async\" width=\"1654\" height=\"1472\" src=\"https:\/\/i0.wp.com\/www.coray-vallat.ch\/wp-content\/uploads\/2025\/07\/024_Schema-avant.webp?fit=1654%2C1472\" class=\"attachment-full size-full\" alt=\"024 Schema vorne\" aria-describedby=\"gallery-1-2246\" srcset=\"https:\/\/i0.wp.com\/www.coray-vallat.ch\/wp-content\/uploads\/2025\/07\/024_Schema-avant.webp?w=1654 1654w, https:\/\/i0.wp.com\/www.coray-vallat.ch\/wp-content\/uploads\/2025\/07\/024_Schema-avant.webp?resize=300%2C267 300w, https:\/\/i0.wp.com\/www.coray-vallat.ch\/wp-content\/uploads\/2025\/07\/024_Schema-avant.webp?resize=1024%2C911 1024w, https:\/\/i0.wp.com\/www.coray-vallat.ch\/wp-content\/uploads\/2025\/07\/024_Schema-avant.webp?resize=768%2C683 768w, https:\/\/i0.wp.com\/www.coray-vallat.ch\/wp-content\/uploads\/2025\/07\/024_Schema-avant.webp?resize=1536%2C1367 1536w, https:\/\/i0.wp.com\/www.coray-vallat.ch\/wp-content\/uploads\/2025\/07\/024_Schema-avant.webp?w=1600 1600w\" sizes=\"(max-width: 800px) 100vw, 800px\" \/><\/a>\n\t\t\t<\/div>\n\t\t\t\t<figcaption class='wp-caption-text gallery-caption' id='gallery-1-2246'>\n\t\t\t\t024 Schema vorne\n\t\t\t\t<\/figcaption><\/figure><figure class='gallery-item'>\n\t\t\t<div class='gallery-icon landscape'>\n\t\t\t\t<a data-elementor-open-lightbox=\"yes\" data-elementor-lightbox-slideshow=\"080facf\" data-elementor-lightbox-title=\"024 Schema apres\" data-elementor-lightbox-description=\"024 Schema apres\" data-e-action-hash=\"#elementor-action%3Aaction%3Dlightbox%26settings%3DeyJpZCI6MjI0NywidXJsIjoiaHR0cDpcL1wvd3d3LmNvcmF5LXZhbGxhdC5jaFwvd3AtY29udGVudFwvdXBsb2Fkc1wvMjAyNVwvMDdcLzAyNF9TY2hlbWEtYXByZXMud2VicCIsInNsaWRlc2hvdyI6IjA4MGZhY2YifQ%3D%3D\" title=\"024 Schema nach\"  href=\"https:\/\/i0.wp.com\/www.coray-vallat.ch\/wp-content\/uploads\/2025\/07\/024_Schema-apres.webp\"><img loading=\"lazy\" decoding=\"async\" width=\"1654\" height=\"1472\" src=\"https:\/\/i0.wp.com\/www.coray-vallat.ch\/wp-content\/uploads\/2025\/07\/024_Schema-apres.webp?fit=1654%2C1472\" class=\"attachment-full size-full\" alt=\"024 Schema nach\" aria-describedby=\"gallery-1-2247\" srcset=\"https:\/\/i0.wp.com\/www.coray-vallat.ch\/wp-content\/uploads\/2025\/07\/024_Schema-apres.webp?w=1654 1654w, https:\/\/i0.wp.com\/www.coray-vallat.ch\/wp-content\/uploads\/2025\/07\/024_Schema-apres.webp?resize=300%2C267 300w, https:\/\/i0.wp.com\/www.coray-vallat.ch\/wp-content\/uploads\/2025\/07\/024_Schema-apres.webp?resize=1024%2C911 1024w, https:\/\/i0.wp.com\/www.coray-vallat.ch\/wp-content\/uploads\/2025\/07\/024_Schema-apres.webp?resize=768%2C683 768w, https:\/\/i0.wp.com\/www.coray-vallat.ch\/wp-content\/uploads\/2025\/07\/024_Schema-apres.webp?resize=1536%2C1367 1536w, https:\/\/i0.wp.com\/www.coray-vallat.ch\/wp-content\/uploads\/2025\/07\/024_Schema-apres.webp?w=1600 1600w\" sizes=\"(max-width: 800px) 100vw, 800px\" \/><\/a>\n\t\t\t<\/div>\n\t\t\t\t<figcaption class='wp-caption-text gallery-caption' id='gallery-1-2247'>\n\t\t\t\t024 Schema nach\n\t\t\t\t<\/figcaption><\/figure><figure class='gallery-item'>\n\t\t\t<div class='gallery-icon landscape'>\n\t\t\t\t<a data-elementor-open-lightbox=\"yes\" data-elementor-lightbox-slideshow=\"080facf\" data-elementor-lightbox-title=\"Inst Grd Plan\" data-elementor-lightbox-description=\"Inst Grd Plan\" data-e-action-hash=\"#elementor-action%3Aaction%3Dlightbox%26settings%3DeyJpZCI6NDcyNSwidXJsIjoiaHR0cDpcL1wvd3d3LmNvcmF5LXZhbGxhdC5jaFwvd3AtY29udGVudFwvdXBsb2Fkc1wvMjAyNlwvMDNcL0luc3RfR3JkX1BsYW4uanBnIiwic2xpZGVzaG93IjoiMDgwZmFjZiJ9\" title=\"Inst Grd Plan\"  href=\"https:\/\/i0.wp.com\/www.coray-vallat.ch\/wp-content\/uploads\/2026\/03\/Inst_Grd_Plan.jpg\"><img loading=\"lazy\" decoding=\"async\" width=\"2362\" height=\"2362\" src=\"https:\/\/i0.wp.com\/www.coray-vallat.ch\/wp-content\/uploads\/2026\/03\/Inst_Grd_Plan.jpg?fit=2362%2C2362\" class=\"attachment-full size-full\" alt=\"Inst Grd Plan\" aria-describedby=\"gallery-1-4725\" srcset=\"https:\/\/i0.wp.com\/www.coray-vallat.ch\/wp-content\/uploads\/2026\/03\/Inst_Grd_Plan.jpg?w=2362 2362w, https:\/\/i0.wp.com\/www.coray-vallat.ch\/wp-content\/uploads\/2026\/03\/Inst_Grd_Plan.jpg?resize=300%2C300 300w, https:\/\/i0.wp.com\/www.coray-vallat.ch\/wp-content\/uploads\/2026\/03\/Inst_Grd_Plan.jpg?resize=1024%2C1024 1024w, https:\/\/i0.wp.com\/www.coray-vallat.ch\/wp-content\/uploads\/2026\/03\/Inst_Grd_Plan.jpg?resize=150%2C150 150w, https:\/\/i0.wp.com\/www.coray-vallat.ch\/wp-content\/uploads\/2026\/03\/Inst_Grd_Plan.jpg?resize=768%2C768 768w, https:\/\/i0.wp.com\/www.coray-vallat.ch\/wp-content\/uploads\/2026\/03\/Inst_Grd_Plan.jpg?resize=1536%2C1536 1536w, https:\/\/i0.wp.com\/www.coray-vallat.ch\/wp-content\/uploads\/2026\/03\/Inst_Grd_Plan.jpg?resize=2048%2C2048 2048w, https:\/\/i0.wp.com\/www.coray-vallat.ch\/wp-content\/uploads\/2026\/03\/Inst_Grd_Plan.jpg?resize=12%2C12 12w, https:\/\/i0.wp.com\/www.coray-vallat.ch\/wp-content\/uploads\/2026\/03\/Inst_Grd_Plan.jpg?w=1600 1600w\" sizes=\"(max-width: 800px) 100vw, 800px\" \/><\/a>\n\t\t\t<\/div>\n\t\t\t\t<figcaption class='wp-caption-text gallery-caption' id='gallery-1-4725'>\n\t\t\t\tInst Grd Plan\n\t\t\t\t<\/figcaption><\/figure>\n\t\t<\/div>\n\t\t<\/div>\n\t\t\t\t\t\t<\/div>\n\t\t\t\t<\/div>\n\t\t\t\t<div class=\"elementor-element elementor-element-0221a33 elementor-widget elementor-widget-video\" data-id=\"0221a33\" data-element_type=\"widget\" data-e-type=\"widget\" data-settings=\"{&quot;video_type&quot;:&quot;hosted&quot;,&quot;autoplay&quot;:&quot;yes&quot;,&quot;loop&quot;:&quot;yes&quot;}\" data-widget_type=\"video.default\">\n\t\t\t\t<div class=\"elementor-widget-container\">\n\t\t\t\t\t\t\t<div class=\"e-hosted-video elementor-wrapper elementor-open-inline\">\n\t\t\t\t\t<video class=\"elementor-video\" src=\"http:\/\/www.coray-vallat.ch\/wp-content\/uploads\/2026\/03\/Grd_Coupes_GIF-site-internet2.mp4\" autoplay=\"\" loop=\"\" controlslist=\"nodownload\"><\/video>\n\t\t\t\t<\/div>\n\t\t\t\t\t\t<\/div>\n\t\t\t\t<\/div>\n\t\t\t\t<div class=\"elementor-element elementor-element-fe3ac1b wpr-stt-btn-align-inline elementor-widget elementor-widget-wpr-back-to-top\" data-id=\"fe3ac1b\" data-element_type=\"widget\" data-e-type=\"widget\" data-widget_type=\"wpr-back-to-top.default\">\n\t\t\t\t<div class=\"elementor-widget-container\">\n\t\t\t\t\t<div class=\"wpr-stt-wrapper\"><div class='wpr-stt-btn' data-settings='{&quot;animation&quot;:&quot;fade&quot;,&quot;animationOffset&quot;:&quot;0&quot;,&quot;animationDuration&quot;:&quot;200&quot;,&quot;fixed&quot;:&quot;inline&quot;,&quot;scrolAnim&quot;:&quot;800&quot;}'><span class=\"wpr-stt-icon\"><svg class=\"e-font-icon-svg e-fas-chevron-up\" viewbox=\"0 0 448 512\" xmlns=\"http:\/\/www.w3.org\/2000\/svg\"><path d=\"M240.971 130.524l194.343 194.343c9.373 9.373 9.373 24.569 0 33.941l-22.667 22.667c-9.357 9.357-24.522 9.375-33.901.04L224 227.495 69.255 381.516c-9.379 9.335-24.544 9.317-33.901-.04l-22.667-22.667c-9.373-9.373-9.373-24.569 0-33.941L207.03 130.525c9.372-9.373 24.568-9.373 33.941-.001z\"><\/path><\/svg><\/span><\/div><\/div>\t\t\t\t<\/div>\n\t\t\t\t<\/div>\n\t\t\t\t<\/div>\n\t\t\t\t\t<\/div>\n\t\t\t\t<\/div>\n\t\t\t\t<\/div>","protected":false},"excerpt":{"rendered":"<p>B\u00e2timent communal et \u00e9cole primaire Grandfontaine (Jura) 2024 &#8211; en cours Ma\u00eetre d\u2019ouvrage : Commune de GrandfontaineProgramme : &#8211;Surface de r\u00e9f\u00e9rence \u00e9nerg\u00e9tique :- Volume SIA : 6000Co\u00fbt CFC 1-5 : &#8211;\u00a0 Le projet porte sur la transformation et l\u2019assainissement \u00e9nerg\u00e9tique d\u2019un b\u00e2timent scolaire et communal construit dans les ann\u00e9es 1960, inscrit \u00e0 l\u2019inventaire cantonal du patrimoine b\u00e2ti.Con\u00e7ue pour r\u00e9pondre aux enjeux contemporains de durabilit\u00e9 et de valorisation du patrimoine existant, notre intervention vise \u00e0 am\u00e9liorer la performance \u00e9nerg\u00e9tique du b\u00e2timent tout en red\u00e9finissant ses usages pour mieux r\u00e9pondre aux besoins de la commune. Une \u00e9tude approfondie de l\u2019\u00e9tat du b\u00e2timent, r\u00e9alis\u00e9e selon la m\u00e9thode EPIQR+, a permis d\u2019\u00e9tablir un diagnostic pr\u00e9cis et de fixer les priorit\u00e9s d\u2019intervention. Le projet pr\u00e9voit l\u2019am\u00e9lioration compl\u00e8te de l\u2019enveloppe thermique, la reconstruction de l\u2019annexe nord et le r\u00e9am\u00e9nagement int\u00e9rieur. Le r\u00e9am\u00e9nagement int\u00e9rieur permet de restructurer les espaces scolaires, les salles sp\u00e9ciales, les sanitaires et les locaux communaux, tout en mettant en valeur les \u00e9l\u00e9ments patrimoniaux embl\u00e9matiques du site, notamment la fresque monumentale qui orne la halle de gymnastique. Cr\u00e9dit graphiquesPhotos : Coray Vallat architectesPlans: Coray Vallat architectesImg. synth\u00e8se: Imagine we create 024_B\u00e2timent communal de Grandfontaine_3d 024 1 scaled 024 2 scaled 024 4 scaled 024 3 scaled 024 Schema avant 024 Schema apres Inst Grd Plan http:\/\/www.coray-vallat.ch\/wp-content\/uploads\/2026\/03\/Grd_Coupes_GIF-site-internet2.mp4<\/p>","protected":false},"author":1,"featured_media":0,"parent":0,"menu_order":0,"comment_status":"closed","ping_status":"closed","template":"","meta":{"footnotes":""},"class_list":["post-2241","page","type-page","status-publish","hentry"],"_links":{"self":[{"href":"http:\/\/www.coray-vallat.ch\/de\/wp-json\/wp\/v2\/pages\/2241","targetHints":{"allow":["GET"]}}],"collection":[{"href":"http:\/\/www.coray-vallat.ch\/de\/wp-json\/wp\/v2\/pages"}],"about":[{"href":"http:\/\/www.coray-vallat.ch\/de\/wp-json\/wp\/v2\/types\/page"}],"author":[{"embeddable":true,"href":"http:\/\/www.coray-vallat.ch\/de\/wp-json\/wp\/v2\/users\/1"}],"replies":[{"embeddable":true,"href":"http:\/\/www.coray-vallat.ch\/de\/wp-json\/wp\/v2\/comments?post=2241"}],"version-history":[{"count":58,"href":"http:\/\/www.coray-vallat.ch\/de\/wp-json\/wp\/v2\/pages\/2241\/revisions"}],"predecessor-version":[{"id":4749,"href":"http:\/\/www.coray-vallat.ch\/de\/wp-json\/wp\/v2\/pages\/2241\/revisions\/4749"}],"wp:attachment":[{"href":"http:\/\/www.coray-vallat.ch\/de\/wp-json\/wp\/v2\/media?parent=2241"}],"curies":[{"name":"wp","href":"https:\/\/api.w.org\/{rel}","templated":true}]}}