{"id":2054,"date":"2025-07-20T18:45:17","date_gmt":"2025-07-20T18:45:17","guid":{"rendered":"https:\/\/www.coray-vallat.ch\/?page_id=2054"},"modified":"2025-11-23T14:31:28","modified_gmt":"2025-11-23T14:31:28","slug":"villa-du-coteau","status":"publish","type":"page","link":"http:\/\/www.coray-vallat.ch\/de\/villa-du-coteau\/","title":{"rendered":"Villa du Coteau"},"content":{"rendered":"<div data-elementor-type=\"wp-page\" data-elementor-id=\"2054\" class=\"elementor elementor-2054\" data-elementor-post-type=\"page\">\n\t\t\t\t<div class=\"elementor-element elementor-element-3b2b3c0 e-flex e-con-boxed wpr-particle-no wpr-jarallax-no wpr-parallax-no wpr-sticky-section-no e-con e-parent\" data-id=\"3b2b3c0\" data-element_type=\"container\" data-e-type=\"container\">\n\t\t\t\t\t<div class=\"e-con-inner\">\n\t\t<div class=\"elementor-element elementor-element-e2130a3 e-con-full e-flex wpr-particle-no wpr-jarallax-no wpr-parallax-no e-con e-child\" data-id=\"e2130a3\" data-element_type=\"container\" data-e-type=\"container\">\n\t\t<div class=\"elementor-element elementor-element-c2b2d75 e-con-full e-flex wpr-particle-no wpr-jarallax-no wpr-parallax-no e-con e-child\" data-id=\"c2b2d75\" data-element_type=\"container\" data-e-type=\"container\" id=\"sectionOne\">\n\t\t\t\t<div class=\"elementor-element elementor-element-aa36131 elementor-widget elementor-widget-heading\" data-id=\"aa36131\" data-element_type=\"widget\" data-e-type=\"widget\" data-widget_type=\"heading.default\">\n\t\t\t\t<div class=\"elementor-widget-container\">\n\t\t\t\t\t<h1 class=\"elementor-heading-title elementor-size-default\">HAUS DU COTEAU\n<\/h1>\t\t\t\t<\/div>\n\t\t\t\t<\/div>\n\t\t\t\t<div class=\"elementor-element elementor-element-7b6035f elementor-widget elementor-widget-heading\" data-id=\"7b6035f\" data-element_type=\"widget\" data-e-type=\"widget\" data-widget_type=\"heading.default\">\n\t\t\t\t<div class=\"elementor-widget-container\">\n\t\t\t\t\t<h2 class=\"elementor-heading-title elementor-size-default\">Clarens (Vaud) <\/br>\n2021 - laufend<\/h2>\t\t\t\t<\/div>\n\t\t\t\t<\/div>\n\t\t\t\t<div class=\"elementor-element elementor-element-fed3cef elementor-widget elementor-widget-text-editor\" data-id=\"fed3cef\" data-element_type=\"widget\" data-e-type=\"widget\" data-widget_type=\"text-editor.default\">\n\t\t\t\t<div class=\"elementor-widget-container\">\n\t\t\t\t\t\t\t\t\t<p><strong>Bauherr<\/strong> Privat<br \/><strong>Programm<\/strong> Wohnbau<br \/><strong>Energiebezugsfl\u00e4che<\/strong> : betroffene Fl\u00e4che: 33 m2<br \/><strong>SIA-Volumen<\/strong> : Betroffene Fl\u00e4che: 90 m3<br \/><strong>Kosten CFC 1-5<\/strong> &#8211;\u00a0<\/p>\t\t\t\t\t\t\t\t<\/div>\n\t\t\t\t<\/div>\n\t\t\t\t<div class=\"elementor-element elementor-element-1de9369 elementor-widget elementor-widget-text-editor\" data-id=\"1de9369\" data-element_type=\"widget\" data-e-type=\"widget\" data-widget_type=\"text-editor.default\">\n\t\t\t\t<div class=\"elementor-widget-container\">\n\t\t\t\t\t\t\t\t\t<p>An der Stelle der derzeitigen Waschk\u00fcche, des Tankraums und eines Zimmers m\u00f6chten die Eigent\u00fcmer die M\u00f6glichkeit pr\u00fcfen, ein Studio einzurichten. Der Vorentwurf untersucht drei Gestaltungsm\u00f6glichkeiten. Die erste Variante sieht einen gro\u00dfen offenen Raum vor, wobei das Badezimmer an der Stelle der bestehenden Toilette eingerichtet wird. Bei der zweiten Variante wird das Badezimmer hinter die K\u00fcche verlegt und es entstehen zwei separate Bereiche: der Schlafbereich und der Wohnbereich. Die letzte Variante sieht vor, die K\u00fcche und den Wohnbereich im rechten Fl\u00fcgel unterzubringen, um die Aussicht zu genie\u00dfen.<\/p><p><strong>Grafikkredite<\/strong><br \/><strong>Fotos<\/strong> : &#8211;<br \/><strong>Pl\u00e4ne<\/strong>: Coray Vallat Architekten<br \/><strong>Synthetisches Bild<\/strong> Coray Vallat Architekten<\/p>\t\t\t\t\t\t\t\t<\/div>\n\t\t\t\t<\/div>\n\t\t\t\t<\/div>\n\t\t\t\t<\/div>\n\t\t<div class=\"elementor-element elementor-element-9bd0e75 e-con-full e-flex wpr-particle-no wpr-jarallax-no wpr-parallax-no wpr-sticky-section-no e-con e-child\" data-id=\"9bd0e75\" data-element_type=\"container\" data-e-type=\"container\" id=\"sectionTwo\">\n\t\t\t\t<div class=\"elementor-element elementor-element-080facf gallery-spacing-custom elementor-widget elementor-widget-image-gallery\" data-id=\"080facf\" data-element_type=\"widget\" data-e-type=\"widget\" data-widget_type=\"image-gallery.default\">\n\t\t\t\t<div class=\"elementor-widget-container\">\n\t\t\t\t\t\t\t<div class=\"elementor-image-gallery\">\n\t\t\t<div id='gallery-1' class='gallery galleryid-2054 gallery-columns-1 gallery-size-full'><figure class='gallery-item'>\n\t\t\t<div class='gallery-icon landscape'>\n\t\t\t\t<a data-elementor-open-lightbox=\"yes\" data-elementor-lightbox-slideshow=\"080facf\" data-elementor-lightbox-title=\"010_4\" data-e-action-hash=\"#elementor-action%3Aaction%3Dlightbox%26settings%3DeyJpZCI6MjA2OCwidXJsIjoiaHR0cHM6XC9cL3d3dy5jb3JheS12YWxsYXQuY2hcL3dwLWNvbnRlbnRcL3VwbG9hZHNcLzIwMjVcLzA3XC8wMTBfNC53ZWJwIiwic2xpZGVzaG93IjoiMDgwZmFjZiJ9\" title=\"010_4\"  href=\"https:\/\/i0.wp.com\/www.coray-vallat.ch\/wp-content\/uploads\/2025\/07\/010_4.webp?ssl=1\"><img fetchpriority=\"high\" decoding=\"async\" width=\"831\" height=\"566\" src=\"https:\/\/i0.wp.com\/www.coray-vallat.ch\/wp-content\/uploads\/2025\/07\/010_4.webp?fit=831%2C566&amp;ssl=1\" class=\"attachment-full size-full\" alt=\"\" srcset=\"https:\/\/i0.wp.com\/www.coray-vallat.ch\/wp-content\/uploads\/2025\/07\/010_4.webp?w=831&amp;ssl=1 831w, https:\/\/i0.wp.com\/www.coray-vallat.ch\/wp-content\/uploads\/2025\/07\/010_4.webp?resize=300%2C204&amp;ssl=1 300w, https:\/\/i0.wp.com\/www.coray-vallat.ch\/wp-content\/uploads\/2025\/07\/010_4.webp?resize=768%2C523&amp;ssl=1 768w\" sizes=\"(max-width: 800px) 100vw, 800px\" \/><\/a>\n\t\t\t<\/div><\/figure><figure class='gallery-item'>\n\t\t\t<div class='gallery-icon landscape'>\n\t\t\t\t<a data-elementor-open-lightbox=\"yes\" data-elementor-lightbox-slideshow=\"080facf\" data-elementor-lightbox-title=\"010 3\" data-e-action-hash=\"#elementor-action%3Aaction%3Dlightbox%26settings%3DeyJpZCI6MjA2OSwidXJsIjoiaHR0cHM6XC9cL3d3dy5jb3JheS12YWxsYXQuY2hcL3dwLWNvbnRlbnRcL3VwbG9hZHNcLzIwMjVcLzA3XC8wMTBfMy53ZWJwIiwic2xpZGVzaG93IjoiMDgwZmFjZiJ9\" data-elementor-lightbox-description=\"010 3\" title=\"010 3\"  href=\"https:\/\/i0.wp.com\/www.coray-vallat.ch\/wp-content\/uploads\/2025\/07\/010_3.webp?ssl=1\"><img decoding=\"async\" width=\"831\" height=\"566\" src=\"https:\/\/i0.wp.com\/www.coray-vallat.ch\/wp-content\/uploads\/2025\/07\/010_3.webp?fit=831%2C566&amp;ssl=1\" class=\"attachment-full size-full\" alt=\"010 3\" aria-describedby=\"gallery-1-2069\" srcset=\"https:\/\/i0.wp.com\/www.coray-vallat.ch\/wp-content\/uploads\/2025\/07\/010_3.webp?w=831&amp;ssl=1 831w, https:\/\/i0.wp.com\/www.coray-vallat.ch\/wp-content\/uploads\/2025\/07\/010_3.webp?resize=300%2C204&amp;ssl=1 300w, https:\/\/i0.wp.com\/www.coray-vallat.ch\/wp-content\/uploads\/2025\/07\/010_3.webp?resize=768%2C523&amp;ssl=1 768w\" sizes=\"(max-width: 800px) 100vw, 800px\" \/><\/a>\n\t\t\t<\/div>\n\t\t\t\t<figcaption class='wp-caption-text gallery-caption' id='gallery-1-2069'>\n\t\t\t\t010 3\n\t\t\t\t<\/figcaption><\/figure><figure class='gallery-item'>\n\t\t\t<div class='gallery-icon landscape'>\n\t\t\t\t<a data-elementor-open-lightbox=\"yes\" data-elementor-lightbox-slideshow=\"080facf\" data-elementor-lightbox-title=\"010 5\" data-e-action-hash=\"#elementor-action%3Aaction%3Dlightbox%26settings%3DeyJpZCI6MjA2NywidXJsIjoiaHR0cHM6XC9cL3d3dy5jb3JheS12YWxsYXQuY2hcL3dwLWNvbnRlbnRcL3VwbG9hZHNcLzIwMjVcLzA3XC8wMTBfNS53ZWJwIiwic2xpZGVzaG93IjoiMDgwZmFjZiJ9\" data-elementor-lightbox-description=\"010 5\" title=\"010 5\"  href=\"https:\/\/i0.wp.com\/www.coray-vallat.ch\/wp-content\/uploads\/2025\/07\/010_5.webp?ssl=1\"><img decoding=\"async\" width=\"831\" height=\"566\" src=\"https:\/\/i0.wp.com\/www.coray-vallat.ch\/wp-content\/uploads\/2025\/07\/010_5.webp?fit=831%2C566&amp;ssl=1\" class=\"attachment-full size-full\" alt=\"010 5\" aria-describedby=\"gallery-1-2067\" srcset=\"https:\/\/i0.wp.com\/www.coray-vallat.ch\/wp-content\/uploads\/2025\/07\/010_5.webp?w=831&amp;ssl=1 831w, https:\/\/i0.wp.com\/www.coray-vallat.ch\/wp-content\/uploads\/2025\/07\/010_5.webp?resize=300%2C204&amp;ssl=1 300w, https:\/\/i0.wp.com\/www.coray-vallat.ch\/wp-content\/uploads\/2025\/07\/010_5.webp?resize=768%2C523&amp;ssl=1 768w\" sizes=\"(max-width: 800px) 100vw, 800px\" \/><\/a>\n\t\t\t<\/div>\n\t\t\t\t<figcaption class='wp-caption-text gallery-caption' id='gallery-1-2067'>\n\t\t\t\t010 5\n\t\t\t\t<\/figcaption><\/figure><figure class='gallery-item'>\n\t\t\t<div class='gallery-icon landscape'>\n\t\t\t\t<a data-elementor-open-lightbox=\"yes\" data-elementor-lightbox-slideshow=\"080facf\" data-elementor-lightbox-title=\"010 2\" data-e-action-hash=\"#elementor-action%3Aaction%3Dlightbox%26settings%3DeyJpZCI6MjA3MCwidXJsIjoiaHR0cHM6XC9cL3d3dy5jb3JheS12YWxsYXQuY2hcL3dwLWNvbnRlbnRcL3VwbG9hZHNcLzIwMjVcLzA3XC8wMTBfMi53ZWJwIiwic2xpZGVzaG93IjoiMDgwZmFjZiJ9\" data-elementor-lightbox-description=\"010 2\" title=\"010 2\"  href=\"https:\/\/i0.wp.com\/www.coray-vallat.ch\/wp-content\/uploads\/2025\/07\/010_2.webp?ssl=1\"><img loading=\"lazy\" decoding=\"async\" width=\"831\" height=\"566\" src=\"https:\/\/i0.wp.com\/www.coray-vallat.ch\/wp-content\/uploads\/2025\/07\/010_2.webp?fit=831%2C566&amp;ssl=1\" class=\"attachment-full size-full\" alt=\"010 2\" aria-describedby=\"gallery-1-2070\" srcset=\"https:\/\/i0.wp.com\/www.coray-vallat.ch\/wp-content\/uploads\/2025\/07\/010_2.webp?w=831&amp;ssl=1 831w, https:\/\/i0.wp.com\/www.coray-vallat.ch\/wp-content\/uploads\/2025\/07\/010_2.webp?resize=300%2C204&amp;ssl=1 300w, https:\/\/i0.wp.com\/www.coray-vallat.ch\/wp-content\/uploads\/2025\/07\/010_2.webp?resize=768%2C523&amp;ssl=1 768w\" sizes=\"(max-width: 800px) 100vw, 800px\" \/><\/a>\n\t\t\t<\/div>\n\t\t\t\t<figcaption class='wp-caption-text gallery-caption' id='gallery-1-2070'>\n\t\t\t\t010 2\n\t\t\t\t<\/figcaption><\/figure><figure class='gallery-item'>\n\t\t\t<div class='gallery-icon landscape'>\n\t\t\t\t<a data-elementor-open-lightbox=\"yes\" data-elementor-lightbox-slideshow=\"080facf\" data-elementor-lightbox-title=\"010 6\" data-e-action-hash=\"#elementor-action%3Aaction%3Dlightbox%26settings%3DeyJpZCI6MjA2NiwidXJsIjoiaHR0cHM6XC9cL3d3dy5jb3JheS12YWxsYXQuY2hcL3dwLWNvbnRlbnRcL3VwbG9hZHNcLzIwMjVcLzA3XC8wMTBfNi53ZWJwIiwic2xpZGVzaG93IjoiMDgwZmFjZiJ9\" data-elementor-lightbox-description=\"010 6\" title=\"010 6\"  href=\"https:\/\/i0.wp.com\/www.coray-vallat.ch\/wp-content\/uploads\/2025\/07\/010_6.webp?ssl=1\"><img loading=\"lazy\" decoding=\"async\" width=\"831\" height=\"566\" src=\"https:\/\/i0.wp.com\/www.coray-vallat.ch\/wp-content\/uploads\/2025\/07\/010_6.webp?fit=831%2C566&amp;ssl=1\" class=\"attachment-full size-full\" alt=\"010 6\" aria-describedby=\"gallery-1-2066\" srcset=\"https:\/\/i0.wp.com\/www.coray-vallat.ch\/wp-content\/uploads\/2025\/07\/010_6.webp?w=831&amp;ssl=1 831w, https:\/\/i0.wp.com\/www.coray-vallat.ch\/wp-content\/uploads\/2025\/07\/010_6.webp?resize=300%2C204&amp;ssl=1 300w, https:\/\/i0.wp.com\/www.coray-vallat.ch\/wp-content\/uploads\/2025\/07\/010_6.webp?resize=768%2C523&amp;ssl=1 768w\" sizes=\"(max-width: 800px) 100vw, 800px\" \/><\/a>\n\t\t\t<\/div>\n\t\t\t\t<figcaption class='wp-caption-text gallery-caption' id='gallery-1-2066'>\n\t\t\t\t010 6\n\t\t\t\t<\/figcaption><\/figure><figure class='gallery-item'>\n\t\t\t<div class='gallery-icon landscape'>\n\t\t\t\t<a data-elementor-open-lightbox=\"yes\" data-elementor-lightbox-slideshow=\"080facf\" data-elementor-lightbox-title=\"010 1\" data-e-action-hash=\"#elementor-action%3Aaction%3Dlightbox%26settings%3DeyJpZCI6MjA3MSwidXJsIjoiaHR0cHM6XC9cL3d3dy5jb3JheS12YWxsYXQuY2hcL3dwLWNvbnRlbnRcL3VwbG9hZHNcLzIwMjVcLzA3XC8wMTBfMS53ZWJwIiwic2xpZGVzaG93IjoiMDgwZmFjZiJ9\" data-elementor-lightbox-description=\"010 1\" title=\"010 1\"  href=\"https:\/\/i0.wp.com\/www.coray-vallat.ch\/wp-content\/uploads\/2025\/07\/010_1.webp?ssl=1\"><img loading=\"lazy\" decoding=\"async\" width=\"831\" height=\"566\" src=\"https:\/\/i0.wp.com\/www.coray-vallat.ch\/wp-content\/uploads\/2025\/07\/010_1.webp?fit=831%2C566&amp;ssl=1\" class=\"attachment-full size-full\" alt=\"010 1\" aria-describedby=\"gallery-1-2071\" srcset=\"https:\/\/i0.wp.com\/www.coray-vallat.ch\/wp-content\/uploads\/2025\/07\/010_1.webp?w=831&amp;ssl=1 831w, https:\/\/i0.wp.com\/www.coray-vallat.ch\/wp-content\/uploads\/2025\/07\/010_1.webp?resize=300%2C204&amp;ssl=1 300w, https:\/\/i0.wp.com\/www.coray-vallat.ch\/wp-content\/uploads\/2025\/07\/010_1.webp?resize=768%2C523&amp;ssl=1 768w\" sizes=\"(max-width: 800px) 100vw, 800px\" \/><\/a>\n\t\t\t<\/div>\n\t\t\t\t<figcaption class='wp-caption-text gallery-caption' id='gallery-1-2071'>\n\t\t\t\t010 1\n\t\t\t\t<\/figcaption><\/figure><figure class='gallery-item'>\n\t\t\t<div class='gallery-icon landscape'>\n\t\t\t\t<a data-elementor-open-lightbox=\"yes\" data-elementor-lightbox-slideshow=\"080facf\" data-elementor-lightbox-title=\"010 C\" data-e-action-hash=\"#elementor-action%3Aaction%3Dlightbox%26settings%3DeyJpZCI6MjA2MywidXJsIjoiaHR0cHM6XC9cL3d3dy5jb3JheS12YWxsYXQuY2hcL3dwLWNvbnRlbnRcL3VwbG9hZHNcLzIwMjVcLzA3XC8wMTBfQy53ZWJwIiwic2xpZGVzaG93IjoiMDgwZmFjZiJ9\" data-elementor-lightbox-description=\"010 C\" title=\"010 C\"  href=\"https:\/\/i0.wp.com\/www.coray-vallat.ch\/wp-content\/uploads\/2025\/07\/010_C.webp?ssl=1\"><img loading=\"lazy\" decoding=\"async\" width=\"831\" height=\"566\" src=\"https:\/\/i0.wp.com\/www.coray-vallat.ch\/wp-content\/uploads\/2025\/07\/010_C.webp?fit=831%2C566&amp;ssl=1\" class=\"attachment-full size-full\" alt=\"010 C\" aria-describedby=\"gallery-1-2063\" srcset=\"https:\/\/i0.wp.com\/www.coray-vallat.ch\/wp-content\/uploads\/2025\/07\/010_C.webp?w=831&amp;ssl=1 831w, https:\/\/i0.wp.com\/www.coray-vallat.ch\/wp-content\/uploads\/2025\/07\/010_C.webp?resize=300%2C204&amp;ssl=1 300w, https:\/\/i0.wp.com\/www.coray-vallat.ch\/wp-content\/uploads\/2025\/07\/010_C.webp?resize=768%2C523&amp;ssl=1 768w\" sizes=\"(max-width: 800px) 100vw, 800px\" \/><\/a>\n\t\t\t<\/div>\n\t\t\t\t<figcaption class='wp-caption-text gallery-caption' id='gallery-1-2063'>\n\t\t\t\t010 C\n\t\t\t\t<\/figcaption><\/figure><figure class='gallery-item'>\n\t\t\t<div class='gallery-icon landscape'>\n\t\t\t\t<a data-elementor-open-lightbox=\"yes\" data-elementor-lightbox-slideshow=\"080facf\" data-elementor-lightbox-title=\"010_B\" data-e-action-hash=\"#elementor-action%3Aaction%3Dlightbox%26settings%3DeyJpZCI6MjA2NCwidXJsIjoiaHR0cHM6XC9cL3d3dy5jb3JheS12YWxsYXQuY2hcL3dwLWNvbnRlbnRcL3VwbG9hZHNcLzIwMjVcLzA3XC8wMTBfQi53ZWJwIiwic2xpZGVzaG93IjoiMDgwZmFjZiJ9\" data-elementor-lightbox-description=\"010 C\" title=\"010_B\"  href=\"https:\/\/i0.wp.com\/www.coray-vallat.ch\/wp-content\/uploads\/2025\/07\/010_B.webp?ssl=1\"><img loading=\"lazy\" decoding=\"async\" width=\"831\" height=\"566\" src=\"https:\/\/i0.wp.com\/www.coray-vallat.ch\/wp-content\/uploads\/2025\/07\/010_B.webp?fit=831%2C566&amp;ssl=1\" class=\"attachment-full size-full\" alt=\"\" srcset=\"https:\/\/i0.wp.com\/www.coray-vallat.ch\/wp-content\/uploads\/2025\/07\/010_B.webp?w=831&amp;ssl=1 831w, https:\/\/i0.wp.com\/www.coray-vallat.ch\/wp-content\/uploads\/2025\/07\/010_B.webp?resize=300%2C204&amp;ssl=1 300w, https:\/\/i0.wp.com\/www.coray-vallat.ch\/wp-content\/uploads\/2025\/07\/010_B.webp?resize=768%2C523&amp;ssl=1 768w\" sizes=\"(max-width: 800px) 100vw, 800px\" \/><\/a>\n\t\t\t<\/div><\/figure><figure class='gallery-item'>\n\t\t\t<div class='gallery-icon landscape'>\n\t\t\t\t<a data-elementor-open-lightbox=\"yes\" data-elementor-lightbox-slideshow=\"080facf\" data-elementor-lightbox-title=\"010 A\" data-e-action-hash=\"#elementor-action%3Aaction%3Dlightbox%26settings%3DeyJpZCI6MjA2NSwidXJsIjoiaHR0cHM6XC9cL3d3dy5jb3JheS12YWxsYXQuY2hcL3dwLWNvbnRlbnRcL3VwbG9hZHNcLzIwMjVcLzA3XC8wMTBfQS53ZWJwIiwic2xpZGVzaG93IjoiMDgwZmFjZiJ9\" data-elementor-lightbox-description=\"010 A\" title=\"010 A\"  href=\"https:\/\/i0.wp.com\/www.coray-vallat.ch\/wp-content\/uploads\/2025\/07\/010_A.webp?ssl=1\"><img loading=\"lazy\" decoding=\"async\" width=\"831\" height=\"566\" src=\"https:\/\/i0.wp.com\/www.coray-vallat.ch\/wp-content\/uploads\/2025\/07\/010_A.webp?fit=831%2C566&amp;ssl=1\" class=\"attachment-full size-full\" alt=\"010 A\" aria-describedby=\"gallery-1-2065\" srcset=\"https:\/\/i0.wp.com\/www.coray-vallat.ch\/wp-content\/uploads\/2025\/07\/010_A.webp?w=831&amp;ssl=1 831w, https:\/\/i0.wp.com\/www.coray-vallat.ch\/wp-content\/uploads\/2025\/07\/010_A.webp?resize=300%2C204&amp;ssl=1 300w, https:\/\/i0.wp.com\/www.coray-vallat.ch\/wp-content\/uploads\/2025\/07\/010_A.webp?resize=768%2C523&amp;ssl=1 768w\" sizes=\"(max-width: 800px) 100vw, 800px\" \/><\/a>\n\t\t\t<\/div>\n\t\t\t\t<figcaption class='wp-caption-text gallery-caption' id='gallery-1-2065'>\n\t\t\t\t010 A\n\t\t\t\t<\/figcaption><\/figure>\n\t\t<\/div>\n\t\t<\/div>\n\t\t\t\t\t\t<\/div>\n\t\t\t\t<\/div>\n\t\t\t\t<div class=\"elementor-element elementor-element-5434e4b wpr-stt-btn-align-inline elementor-widget elementor-widget-wpr-back-to-top\" data-id=\"5434e4b\" data-element_type=\"widget\" data-e-type=\"widget\" data-widget_type=\"wpr-back-to-top.default\">\n\t\t\t\t<div class=\"elementor-widget-container\">\n\t\t\t\t\t<div class=\"wpr-stt-wrapper\"><div class='wpr-stt-btn' data-settings='{&quot;animation&quot;:&quot;fade&quot;,&quot;animationOffset&quot;:&quot;0&quot;,&quot;animationDuration&quot;:&quot;200&quot;,&quot;fixed&quot;:&quot;inline&quot;,&quot;scrolAnim&quot;:&quot;800&quot;}'><span class=\"wpr-stt-icon\"><svg class=\"e-font-icon-svg e-fas-chevron-up\" viewbox=\"0 0 448 512\" xmlns=\"http:\/\/www.w3.org\/2000\/svg\"><path d=\"M240.971 130.524l194.343 194.343c9.373 9.373 9.373 24.569 0 33.941l-22.667 22.667c-9.357 9.357-24.522 9.375-33.901.04L224 227.495 69.255 381.516c-9.379 9.335-24.544 9.317-33.901-.04l-22.667-22.667c-9.373-9.373-9.373-24.569 0-33.941L207.03 130.525c9.372-9.373 24.568-9.373 33.941-.001z\"><\/path><\/svg><\/span><\/div><\/div>\t\t\t\t<\/div>\n\t\t\t\t<\/div>\n\t\t\t\t<\/div>\n\t\t\t\t\t<\/div>\n\t\t\t\t<\/div>\n\t\t\t\t<\/div>","protected":false},"excerpt":{"rendered":"<p>VILLA DU COTEAU Clarens (Vaud) 2021 &#8211; en cours Ma\u00eetre d&rsquo;ouvrage : Priv\u00e9 Programme : Logement Surface de r\u00e9f\u00e9rence \u00e9nerg\u00e9tique : zone concern\u00e9e: 33 m2 Volume SIA : zone concern\u00e9e: 90 m3 Co\u00fbt CFC 1-5 : &#8211; A l\u2019emplacement de l\u2019actuelle buanderie, du local citerne et d\u2019une chambre, les propri\u00e9taires souhaitent \u00e9tudier le potentiel de cr\u00e9ation d\u2019un studio. L\u2019avant-projet \u00e9tudie trois possibilit\u00e9s d\u2019organisation. La premi\u00e8re variante se pr\u00e9sente en un grand espace ouvert avec la salle d\u2019eau \u00e0 l\u2019emplacement du wc existant. La deuxi\u00e8me variante d\u00e9place la salle de bains derri\u00e8re la cuisine et cr\u00e9e deux espaces distincts ; l\u2019espace de nuit et l\u2019espace de jour. La derni\u00e8re variante propose de placer la cuisine et l\u2019espace de jour dans l\u2019aile droite afin de b\u00e9n\u00e9ficier de la vue. Cr\u00e9dit graphiques Photos : &#8211; Plans: Coray Vallat architectes Img. synth\u00e8se: Coray Vallat architectes &nbsp;<\/p>","protected":false},"author":1,"featured_media":0,"parent":0,"menu_order":0,"comment_status":"closed","ping_status":"closed","template":"","meta":{"footnotes":""},"class_list":["post-2054","page","type-page","status-publish","hentry"],"_links":{"self":[{"href":"http:\/\/www.coray-vallat.ch\/de\/wp-json\/wp\/v2\/pages\/2054","targetHints":{"allow":["GET"]}}],"collection":[{"href":"http:\/\/www.coray-vallat.ch\/de\/wp-json\/wp\/v2\/pages"}],"about":[{"href":"http:\/\/www.coray-vallat.ch\/de\/wp-json\/wp\/v2\/types\/page"}],"author":[{"embeddable":true,"href":"http:\/\/www.coray-vallat.ch\/de\/wp-json\/wp\/v2\/users\/1"}],"replies":[{"embeddable":true,"href":"http:\/\/www.coray-vallat.ch\/de\/wp-json\/wp\/v2\/comments?post=2054"}],"version-history":[{"count":43,"href":"http:\/\/www.coray-vallat.ch\/de\/wp-json\/wp\/v2\/pages\/2054\/revisions"}],"predecessor-version":[{"id":4590,"href":"http:\/\/www.coray-vallat.ch\/de\/wp-json\/wp\/v2\/pages\/2054\/revisions\/4590"}],"wp:attachment":[{"href":"http:\/\/www.coray-vallat.ch\/de\/wp-json\/wp\/v2\/media?parent=2054"}],"curies":[{"name":"wp","href":"https:\/\/api.w.org\/{rel}","templated":true}]}}